{"id":123,"date":"2015-05-11T16:08:15","date_gmt":"2015-05-11T14:08:15","guid":{"rendered":"http:\/\/localhost\/innovam\/?page_id=123"},"modified":"2023-07-17T11:44:00","modified_gmt":"2023-07-17T09:44:00","slug":"lien","status":"publish","type":"page","link":"https:\/\/missionlocale-innovam.fr\/index.php\/vie-sociale\/lien\/","title":{"rendered":"Le service civique"},"content":{"rendered":"\n<div class=\"wp-block-columns is-layout-flex wp-container-core-columns-is-layout-28f84493 wp-block-columns-is-layout-flex\">\n<div class=\"wp-block-column is-layout-flow wp-block-column-is-layout-flow\" style=\"flex-basis:66.66%\">\n<div style=\"height:20px\" aria-hidden=\"true\" class=\"wp-block-spacer\"><\/div>\n\n\n\n<p>Le Service Civique s\u2019adresse aux jeunes de 16 \u00e0 25 ans, et jusqu\u2019\u00e0 30 ans pour les jeunes en situation de handicap.<\/p>\n\n\n\n<p><strong>Il permet de s\u2019engager sans condition de dipl\u00f4me dans une mission d&rsquo;int\u00e9r\u00eat g\u00e9n\u00e9ral au sein d&rsquo;une association, d&rsquo;un \u00e9tablissement public, d&rsquo;une collectivit\u00e9&#8230; En France ou \u00e0 l\u2019\u00e9tranger et dans 9 domaines d\u2019action : solidarit\u00e9, environnement, sport, culture, \u00e9ducation, sant\u00e9, intervention d&rsquo;urgence, m\u00e9moire et citoyennet\u00e9, aide humanitaire.<\/strong><\/p>\n\n\n\n<p>Le service civique permet \u00e9galement de b\u00e9n\u00e9ficier d&rsquo;une indemnit\u00e9.<\/p>\n<\/div>\n\n\n\n<div class=\"wp-block-column is-layout-flow wp-block-column-is-layout-flow\" style=\"flex-basis:33.33%\">\n<figure class=\"wp-block-image aligncenter size-large is-resized\"><a href=\"https:\/\/missionlocale-innovam.fr\/wp-content\/uploads\/2023\/07\/depliant-organismes.pdf\"><img loading=\"lazy\" decoding=\"async\" src=\"https:\/\/missionlocale-innovam.fr\/wp-content\/uploads\/2023\/07\/depliant-organismes-1-1-512x1024.jpg\" alt=\"\" class=\"wp-image-8645\" width=\"134\" height=\"267\" srcset=\"https:\/\/missionlocale-innovam.fr\/wp-content\/uploads\/2023\/07\/depliant-organismes-1-1-512x1024.jpg 512w, https:\/\/missionlocale-innovam.fr\/wp-content\/uploads\/2023\/07\/depliant-organismes-1-1-150x300.jpg 150w, https:\/\/missionlocale-innovam.fr\/wp-content\/uploads\/2023\/07\/depliant-organismes-1-1-768x1535.jpg 768w, https:\/\/missionlocale-innovam.fr\/wp-content\/uploads\/2023\/07\/depliant-organismes-1-1-769x1536.jpg 769w, https:\/\/missionlocale-innovam.fr\/wp-content\/uploads\/2023\/07\/depliant-organismes-1-1-1025x2048.jpg 1025w, https:\/\/missionlocale-innovam.fr\/wp-content\/uploads\/2023\/07\/depliant-organismes-1-1.jpg 1241w\" sizes=\"auto, (max-width: 134px) 100vw, 134px\" \/><\/a><\/figure>\n\n\n\n<p class=\"has-text-align-center has-tiny-font-size\"><a href=\"https:\/\/missionlocale-innovam.fr\/wp-content\/uploads\/2023\/07\/depliant-organismes.pdf\">T\u00e9l\u00e9charger la plaquette<\/a><\/p>\n<\/div>\n<\/div>\n\n\n\n<p class=\"has-text-color\" style=\"color:#3b5fa9\">Pour plus&nbsp;d&rsquo;informations, consultez le site officiel :&nbsp;<a href=\"http:\/\/www.service-civique.gouv.fr\/\">http:\/\/www.service-civique.gouv.fr\/<\/a><\/p>\n\n\n\n<p><\/p>\n","protected":false},"excerpt":{"rendered":"<p>Le Service Civique s\u2019adresse aux jeunes de 16 \u00e0 25 ans, et jusqu\u2019\u00e0 30 ans pour les jeunes en situation de handicap. Il permet de s\u2019engager sans condition de dipl\u00f4me dans une mission d&rsquo;int\u00e9r\u00eat g\u00e9n\u00e9ral au sein d&rsquo;une association, d&rsquo;un \u00e9tablissement public, d&rsquo;une collectivit\u00e9&#8230; En France ou \u00e0 l\u2019\u00e9tranger et [&hellip;]<\/p>\n","protected":false},"author":1,"featured_media":0,"parent":12,"menu_order":0,"comment_status":"closed","ping_status":"closed","template":"page-with-sidebar","meta":{"_themeisle_gutenberg_block_has_review":false,"footnotes":""},"class_list":["post-123","page","type-page","status-publish","hentry"],"_links":{"self":[{"href":"https:\/\/missionlocale-innovam.fr\/index.php\/wp-json\/wp\/v2\/pages\/123","targetHints":{"allow":["GET"]}}],"collection":[{"href":"https:\/\/missionlocale-innovam.fr\/index.php\/wp-json\/wp\/v2\/pages"}],"about":[{"href":"https:\/\/missionlocale-innovam.fr\/index.php\/wp-json\/wp\/v2\/types\/page"}],"author":[{"embeddable":true,"href":"https:\/\/missionlocale-innovam.fr\/index.php\/wp-json\/wp\/v2\/users\/1"}],"replies":[{"embeddable":true,"href":"https:\/\/missionlocale-innovam.fr\/index.php\/wp-json\/wp\/v2\/comments?post=123"}],"version-history":[{"count":70,"href":"https:\/\/missionlocale-innovam.fr\/index.php\/wp-json\/wp\/v2\/pages\/123\/revisions"}],"predecessor-version":[{"id":8872,"href":"https:\/\/missionlocale-innovam.fr\/index.php\/wp-json\/wp\/v2\/pages\/123\/revisions\/8872"}],"up":[{"embeddable":true,"href":"https:\/\/missionlocale-innovam.fr\/index.php\/wp-json\/wp\/v2\/pages\/12"}],"wp:attachment":[{"href":"https:\/\/missionlocale-innovam.fr\/index.php\/wp-json\/wp\/v2\/media?parent=123"}],"curies":[{"name":"wp","href":"https:\/\/api.w.org\/{rel}","templated":true}]}}