{"id":4406,"date":"2019-08-06T14:59:14","date_gmt":"2019-08-06T12:59:14","guid":{"rendered":"https:\/\/missionlocale-innovam.fr\/?page_id=4406"},"modified":"2026-02-03T11:35:40","modified_gmt":"2026-02-03T10:35:40","slug":"qui-sommes-nous-2","status":"publish","type":"page","link":"https:\/\/missionlocale-innovam.fr\/index.php\/qui-sommes-nous-2\/","title":{"rendered":"Qui sommes-nous"},"content":{"rendered":"\n<div class=\"wp-block-columns is-layout-flex wp-container-core-columns-is-layout-28f84493 wp-block-columns-is-layout-flex\">\n<div class=\"wp-block-column is-layout-flow wp-block-column-is-layout-flow\">\n<div class=\"wp-block-columns is-layout-flex wp-container-core-columns-is-layout-28f84493 wp-block-columns-is-layout-flex\">\n<div class=\"wp-block-column is-layout-flow wp-block-column-is-layout-flow\">\n<h4 class=\"wp-block-heading has-text-color has-small-font-size\" style=\"color:#3b5fa9\"><strong>La direction<\/strong><\/h4>\n\n\n\n<p class=\"has-extra-small-font-size\">Karim IDIR &#8211; Directeur<\/p>\n\n\n\n<p class=\"has-text-color has-small-font-size\" style=\"color:#3b5fa9\"><strong>Le p\u00f4le Emploi &amp; Partenariat<\/strong><\/p>\n<\/div>\n<\/div>\n<\/div>\n<\/div>\n\n\n\n<p class=\"has-extra-small-font-size\">Alexandre BOURDOULOUS \u2013 Coordinateur du Service Emploi<\/p>\n\n\n\n<div class=\"wp-block-columns is-layout-flex wp-container-core-columns-is-layout-28f84493 wp-block-columns-is-layout-flex\">\n<div class=\"wp-block-column is-layout-flow wp-block-column-is-layout-flow\">\n<p class=\"has-text-color has-small-font-size\" style=\"color:#3b5fa9\"><strong>Le p\u00f4le Accompagnement, Formation et Qualit\u00e9 des parcours<\/strong><\/p>\n\n\n\n<p class=\"has-extra-small-font-size\">C\u00e9dric MAIGNAN \u2013 Responsable de secteur,  r\u00e9f\u00e9rent SI et ville d&rsquo;Arcueil<\/p>\n\n\n\n<p class=\"has-small-font-size\"><strong>Le P\u00f4le Action sociale<\/strong><\/p>\n\n\n\n<p class=\"has-extra-small-font-size\">Christine GUIFFAULT \u2013 Responsable de secteur, r\u00e9f\u00e9rente Mobilit\u00e9, Sant\u00e9 Handicap et ville du Kremlin-Bic\u00eatre<\/p>\n\n\n\n<h4 class=\"wp-block-heading has-text-color has-small-font-size\" style=\"color:#3b5fa9;font-style:normal;font-weight:400\"><strong>Le p\u00f4le Administration, Communication et Ressources Humaines<\/strong><\/h4>\n\n\n\n<p class=\"has-extra-small-font-size\">Jenny OUERGHI&nbsp;\u2013 Responsable RH <\/p>\n\n\n\n<p class=\"has-extra-small-font-size\">Nathalie MARECHAL \u2013 Charg\u00e9e d\u2019accueil et d&rsquo;animation et assistante administrative<\/p>\n\n\n\n<p class=\"has-text-color has-extra-small-font-size\" style=\"color:#3b5fa9\">Edwin CLAIRE&nbsp;\u2013 Charg\u00e9 d\u2019accueil et d&rsquo;animation, assistant administratif &amp; r\u00e9seaux sociaux<\/p>\n\n\n\n<p class=\"has-extra-small-font-size\">Violaine BOICHOT &#8211; Charg\u00e9e d&rsquo;information et de communication<\/p>\n\n\n\n<p class=\"has-small-font-size\"><strong>Les charg\u00e9(e)s de projet<\/strong><\/p>\n\n\n\n<p class=\"has-extra-small-font-size\">Oriane BENAND \u2013 Charg\u00e9e de projet, conseill\u00e8re et r\u00e9f\u00e9rente Justice, ASE et ville de Cachan<\/p>\n\n\n\n<p class=\"has-extra-small-font-size\">Delphine CRAYSSAC \u2013 Charg\u00e9e de projet, conseill\u00e8re et r\u00e9f\u00e9rente Formation, POP et Culture<\/p>\n\n\n\n<p class=\"has-extra-small-font-size\">St\u00e9phane LEMAIRE \u2013 Charg\u00e9 de projet, conseiller et r\u00e9f\u00e9rent Orientation et ville de Gentilly<\/p>\n\n\n\n<p class=\"has-extra-small-font-size\">Doroth\u00e9e LULIC \u2013 Coordinatrice PACEA, CEJ, conseill\u00e8re et r\u00e9f\u00e9rente ville de Villejuif<\/p>\n\n\n\n<p class=\"has-small-font-size\"><strong>Les conseiller(e)s<\/strong><\/p>\n\n\n\n<p class=\"has-extra-small-font-size\">Sami ARROUCHE &#8211; Conseiller et r\u00e9f\u00e9rent logement<\/p>\n\n\n\n<p class=\"has-extra-small-font-size\">Redha BOULKRINAT \u2013 Conseiller et r\u00e9f\u00e9rent Imilo<\/p>\n\n\n\n<p class=\"has-extra-small-font-size\">Ingrid CAMALET &#8211; Conseill\u00e8re et r\u00e9f\u00e9rente CEJ <\/p>\n\n\n\n<p class=\"has-extra-small-font-size\">David ECHAUBARD &#8211; Conseiller et r\u00e9f\u00e9rent parrainage<\/p>\n\n\n\n<p class=\"has-extra-small-font-size\">Oc\u00e9ane LOUVEL DE MONCEAUX &#8211; Conseill\u00e8re et r\u00e9f\u00e9rente POP<\/p>\n\n\n\n<p class=\"has-small-font-size\">H\u00e9l\u00e8ne MORTAZA &#8211; Conseill\u00e8re et r\u00e9f\u00e9rente Parrainage et relations entreprises<\/p>\n\n\n\n<div style=\"height:10px\" aria-hidden=\"true\" class=\"wp-block-spacer\"><\/div>\n\n\n\n<figure class=\"wp-block-image size-large\"><img loading=\"lazy\" decoding=\"async\" width=\"1024\" height=\"722\" src=\"https:\/\/missionlocale-innovam.fr\/wp-content\/uploads\/2026\/02\/Organigramme-2025-1-1024x722.jpg\" alt=\"\" class=\"wp-image-10047\" srcset=\"https:\/\/missionlocale-innovam.fr\/wp-content\/uploads\/2026\/02\/Organigramme-2025-1-1024x722.jpg 1024w, https:\/\/missionlocale-innovam.fr\/wp-content\/uploads\/2026\/02\/Organigramme-2025-1-300x211.jpg 300w, https:\/\/missionlocale-innovam.fr\/wp-content\/uploads\/2026\/02\/Organigramme-2025-1-768x541.jpg 768w, https:\/\/missionlocale-innovam.fr\/wp-content\/uploads\/2026\/02\/Organigramme-2025-1-1536x1083.jpg 1536w, https:\/\/missionlocale-innovam.fr\/wp-content\/uploads\/2026\/02\/Organigramme-2025-1-2048x1444.jpg 2048w\" sizes=\"auto, (max-width: 1024px) 100vw, 1024px\" \/><\/figure>\n\n\n\n<p class=\"has-extra-small-font-size\"><\/p>\n<\/div>\n<\/div>\n\n\n\n<hr class=\"wp-block-separator has-text-color has-alpha-channel-opacity has-background is-style-wide\" style=\"background-color:#01b6c9;color:#01b6c9\"\/>\n\n\n\n<h4 class=\"wp-block-heading has-text-color\" style=\"color:#01b6c9\"><strong>Notre histoire<\/strong><\/h4>\n\n\n\n<p class=\"has-extra-small-font-size\">La Mission Locale INNOVAM fait partie d\u2019un r\u00e9seau de Missions Locales dont la cr\u00e9ation remonte \u00e0 l\u2019ordonnance de Bertrand SCHWARTZ du 26 Mars 1982, qui d\u00e9non\u00e7ait le manque crucial de structures d\u2019accueil pour les jeunes 16\/25 ans, sortis du syst\u00e8me scolaire sans niveau de qualification.<\/p>\n\n\n\n<p class=\"has-extra-small-font-size\">En 1996, les maires d\u2019Arcueil, Cachan, Gentilly, Le Kremlin Bic\u00eatre et Villejuif unissent leurs efforts afin d\u2019\u0153uvrer de fa\u00e7on compl\u00e9mentaire et f\u00e9conde en direction des jeunes en difficult\u00e9. Une entente intercommunale pour le d\u00e9veloppement \u00e9conomique et de l\u2019emploi est sign\u00e9e.<\/p>\n\n\n\n<p class=\"has-extra-small-font-size\">La Mission Locale ouvre ses portes pour la premi\u00e8re fois en septembre 1997.<\/p>\n\n\n\n<hr class=\"wp-block-separator has-text-color has-alpha-channel-opacity has-background is-style-wide\" style=\"background-color:#f05050;color:#f05050\"\/>\n\n\n\n<h4 class=\"wp-block-heading has-text-color\" style=\"color:#f05050\"><strong>Nos statuts<\/strong><\/h4>\n\n\n\n<p class=\"has-extra-small-font-size\">La Mission Locale INNOVAM a un&nbsp;statut associatif Loi 1901<br>La Pr\u00e9sidence&nbsp;de l\u2019association est assur\u00e9e de droit par un \u00e9lu d\u2019une collectivit\u00e9 territoriale participant au financement de la Mission Locale et sur le principe d\u2019une pr\u00e9sidence tournante d\u2019une dur\u00e9e de 2 ans.<\/p>\n\n\n\n<p class=\"has-extra-small-font-size\">L\u2019Assembl\u00e9e G\u00e9n\u00e9rale&nbsp;se r\u00e9unit au moins une fois par an sur convocation du Pr\u00e9sident. Elle approuve le rapport annuel d\u2019activit\u00e9 et les comptes de l\u2019exercice pr\u00e9c\u00e9dent.<\/p>\n\n\n\n<p class=\"has-extra-small-font-size\">L\u2019Assembl\u00e9e G\u00e9n\u00e9rale&nbsp;est compos\u00e9e de&nbsp;48 membres&nbsp;repr\u00e9sentant les&nbsp;4 coll\u00e8ges&nbsp;suivants&nbsp;:<\/p>\n\n\n\n<ul class=\"wp-block-list\">\n<li class=\"has-extra-small-font-size\">Coll\u00e8ge des collectivit\u00e9s territoriales (chaque commune, le Conseil D\u00e9partemental et le Conseil R\u00e9gional, l\u2019Etablissement Public Territorial)<\/li>\n\n\n\n<li class=\"has-extra-small-font-size\">Coll\u00e8ge des services de l\u2019\u00c9tat et organismes publics<\/li>\n\n\n\n<li class=\"has-extra-small-font-size\">Coll\u00e8ge des partenaires \u00e9conomiques et sociaux<\/li>\n\n\n\n<li class=\"has-extra-small-font-size\">Coll\u00e8ges des associations<\/li>\n<\/ul>\n\n\n\n<p class=\"has-extra-small-font-size\">Le Conseil d\u2019Administration, organe ex\u00e9cutif est compos\u00e9 d\u2019une dizaine de membres repr\u00e9sentant les 4 coll\u00e8ges. Il \u00e9labore le budget et veille \u00e0 son ex\u00e9cution, il travaille r\u00e9guli\u00e8rement avec l\u2019\u00e9quipe de Direction.<\/p>\n\n\n\n<hr class=\"wp-block-separator has-text-color has-alpha-channel-opacity has-background is-style-wide\" style=\"background-color:#f8a82f;color:#f8a82f\"\/>\n\n\n\n<p class=\"has-text-color\" style=\"color:#f8a82f\"><strong>Nos financeurs<\/strong><\/p>\n\n\n\n<div class=\"wp-block-columns is-layout-flex wp-container-core-columns-is-layout-28f84493 wp-block-columns-is-layout-flex\">\n<div class=\"wp-block-column is-vertically-aligned-stretch is-layout-flow wp-block-column-is-layout-flow\">\n<figure class=\"wp-block-image size-full is-resized\"><a href=\"https:\/\/idf.drieets.gouv.fr\/Val-de-Marne\" target=\"_blank\" rel=\" noreferrer noopener\"><img loading=\"lazy\" decoding=\"async\" width=\"250\" height=\"226\" src=\"https:\/\/missionlocale-innovam.fr\/wp-content\/uploads\/2026\/02\/Republique-francaise-logo.svg.webp\" alt=\"\" class=\"wp-image-10005\" style=\"aspect-ratio:4\/3;object-fit:contain;width:130px\"\/><\/a><\/figure>\n<\/div>\n\n\n\n<div class=\"wp-block-column is-layout-flow wp-block-column-is-layout-flow\">\n<figure class=\"wp-block-image size-full is-resized\"><a href=\"https:\/\/www.francetravail.fr\/accueil\/\" target=\"_blank\" rel=\" noreferrer noopener\"><img loading=\"lazy\" decoding=\"async\" width=\"1280\" height=\"720\" src=\"https:\/\/missionlocale-innovam.fr\/wp-content\/uploads\/2026\/02\/FranceTravail_thumbnail_logonews.png\" alt=\"\" class=\"wp-image-10001\" style=\"aspect-ratio:4\/3;object-fit:contain;width:150px\" srcset=\"https:\/\/missionlocale-innovam.fr\/wp-content\/uploads\/2026\/02\/FranceTravail_thumbnail_logonews.png 1280w, https:\/\/missionlocale-innovam.fr\/wp-content\/uploads\/2026\/02\/FranceTravail_thumbnail_logonews-300x169.png 300w, https:\/\/missionlocale-innovam.fr\/wp-content\/uploads\/2026\/02\/FranceTravail_thumbnail_logonews-1024x576.png 1024w, https:\/\/missionlocale-innovam.fr\/wp-content\/uploads\/2026\/02\/FranceTravail_thumbnail_logonews-768x432.png 768w\" sizes=\"auto, (max-width: 1280px) 100vw, 1280px\" \/><\/a><\/figure>\n<\/div>\n\n\n\n<div class=\"wp-block-column is-layout-flow wp-block-column-is-layout-flow\">\n<figure class=\"wp-block-image size-full is-resized\"><a href=\"https:\/\/www.grandorlyseinebievre.fr\/\" target=\"_blank\" rel=\" noreferrer noopener\"><img loading=\"lazy\" decoding=\"async\" width=\"238\" height=\"125\" src=\"https:\/\/missionlocale-innovam.fr\/wp-content\/uploads\/2025\/01\/logo-ept-12.png\" alt=\"\" class=\"wp-image-9644\" style=\"aspect-ratio:4\/3;object-fit:contain;width:130px\"\/><\/a><\/figure>\n<\/div>\n\n\n\n<div class=\"wp-block-column is-layout-flow wp-block-column-is-layout-flow\">\n<figure class=\"wp-block-image size-full is-resized\"><a href=\"https:\/\/www.valdemarne.fr\/\" target=\"_blank\" rel=\" noreferrer noopener\"><img loading=\"lazy\" decoding=\"async\" width=\"385\" height=\"216\" src=\"https:\/\/missionlocale-innovam.fr\/wp-content\/uploads\/2026\/02\/LOGOTYPE_VAL-DE-MARNE_COULEUR.png\" alt=\"www@valdemarne.fr\" class=\"wp-image-9999\" style=\"aspect-ratio:4\/3;object-fit:contain;width:130px\" srcset=\"https:\/\/missionlocale-innovam.fr\/wp-content\/uploads\/2026\/02\/LOGOTYPE_VAL-DE-MARNE_COULEUR.png 385w, https:\/\/missionlocale-innovam.fr\/wp-content\/uploads\/2026\/02\/LOGOTYPE_VAL-DE-MARNE_COULEUR-300x168.png 300w\" sizes=\"auto, (max-width: 385px) 100vw, 385px\" \/><\/a><\/figure>\n<\/div>\n\n\n\n<div class=\"wp-block-column is-layout-flow wp-block-column-is-layout-flow\">\n<figure class=\"wp-block-image size-full is-resized\"><a href=\"https:\/\/www.iledefrance.fr\/\" target=\"_blank\" rel=\" noreferrer noopener\"><img loading=\"lazy\" decoding=\"async\" width=\"840\" height=\"307\" src=\"https:\/\/missionlocale-innovam.fr\/wp-content\/uploads\/2026\/02\/LOGO_RIDF_2019_COULEUR.png\" alt=\"\" class=\"wp-image-10000\" style=\"aspect-ratio:4\/3;object-fit:contain;width:130px\" srcset=\"https:\/\/missionlocale-innovam.fr\/wp-content\/uploads\/2026\/02\/LOGO_RIDF_2019_COULEUR.png 840w, https:\/\/missionlocale-innovam.fr\/wp-content\/uploads\/2026\/02\/LOGO_RIDF_2019_COULEUR-300x110.png 300w, https:\/\/missionlocale-innovam.fr\/wp-content\/uploads\/2026\/02\/LOGO_RIDF_2019_COULEUR-768x281.png 768w\" sizes=\"auto, (max-width: 840px) 100vw, 840px\" \/><\/a><\/figure>\n<\/div>\n<\/div>\n\n\n\n<div class=\"wp-block-columns is-layout-flex wp-container-core-columns-is-layout-28f84493 wp-block-columns-is-layout-flex\">\n<div class=\"wp-block-column is-layout-flow wp-block-column-is-layout-flow\">\n<figure class=\"wp-block-image size-full is-resized\"><a href=\"https:\/\/www.arcueil.fr\/\" target=\"_blank\" rel=\" noreferrer noopener\"><img loading=\"lazy\" decoding=\"async\" width=\"417\" height=\"417\" src=\"https:\/\/missionlocale-innovam.fr\/wp-content\/uploads\/2023\/07\/logo-pour-site6.jpg\" alt=\"\" class=\"wp-image-8247\" style=\"aspect-ratio:4\/3;object-fit:contain;width:130px\" srcset=\"https:\/\/missionlocale-innovam.fr\/wp-content\/uploads\/2023\/07\/logo-pour-site6.jpg 417w, https:\/\/missionlocale-innovam.fr\/wp-content\/uploads\/2023\/07\/logo-pour-site6-300x300.jpg 300w, https:\/\/missionlocale-innovam.fr\/wp-content\/uploads\/2023\/07\/logo-pour-site6-150x150.jpg 150w\" sizes=\"auto, (max-width: 417px) 100vw, 417px\" \/><\/a><\/figure>\n<\/div>\n\n\n\n<div class=\"wp-block-column is-layout-flow wp-block-column-is-layout-flow\">\n<figure class=\"wp-block-image size-full is-resized\"><a href=\"https:\/\/ville-cachan.fr\/\" target=\"_blank\" rel=\" noreferrer noopener\"><img loading=\"lazy\" decoding=\"async\" width=\"417\" height=\"417\" src=\"https:\/\/missionlocale-innovam.fr\/wp-content\/uploads\/2023\/07\/logo-pour-site5.jpg\" alt=\"\" class=\"wp-image-8246\" style=\"aspect-ratio:4\/3;object-fit:contain;width:125px\" srcset=\"https:\/\/missionlocale-innovam.fr\/wp-content\/uploads\/2023\/07\/logo-pour-site5.jpg 417w, https:\/\/missionlocale-innovam.fr\/wp-content\/uploads\/2023\/07\/logo-pour-site5-300x300.jpg 300w, https:\/\/missionlocale-innovam.fr\/wp-content\/uploads\/2023\/07\/logo-pour-site5-150x150.jpg 150w\" sizes=\"auto, (max-width: 417px) 100vw, 417px\" \/><\/a><\/figure>\n<\/div>\n\n\n\n<div class=\"wp-block-column is-layout-flow wp-block-column-is-layout-flow\">\n<figure class=\"wp-block-image size-full is-resized\"><a href=\"https:\/\/www.ville-gentilly.fr\/\" target=\"_blank\" rel=\" noreferrer noopener\"><img loading=\"lazy\" decoding=\"async\" width=\"417\" height=\"417\" src=\"https:\/\/missionlocale-innovam.fr\/wp-content\/uploads\/2023\/07\/logo-pour-site2.jpg\" alt=\"\" class=\"wp-image-8243\" style=\"aspect-ratio:4\/3;object-fit:contain;width:130px\" srcset=\"https:\/\/missionlocale-innovam.fr\/wp-content\/uploads\/2023\/07\/logo-pour-site2.jpg 417w, https:\/\/missionlocale-innovam.fr\/wp-content\/uploads\/2023\/07\/logo-pour-site2-300x300.jpg 300w, https:\/\/missionlocale-innovam.fr\/wp-content\/uploads\/2023\/07\/logo-pour-site2-150x150.jpg 150w\" sizes=\"auto, (max-width: 417px) 100vw, 417px\" \/><\/a><\/figure>\n<\/div>\n\n\n\n<div class=\"wp-block-column is-layout-flow wp-block-column-is-layout-flow\">\n<figure class=\"wp-block-image size-full is-resized\"><a href=\"https:\/\/www.kremlinbicetre.fr\/\" target=\"_blank\" rel=\" noreferrer noopener\"><img loading=\"lazy\" decoding=\"async\" width=\"417\" height=\"417\" src=\"https:\/\/missionlocale-innovam.fr\/wp-content\/uploads\/2023\/07\/logo-pour-site3.jpg\" alt=\"\" class=\"wp-image-8244\" style=\"aspect-ratio:4\/3;object-fit:contain;width:150px\" srcset=\"https:\/\/missionlocale-innovam.fr\/wp-content\/uploads\/2023\/07\/logo-pour-site3.jpg 417w, https:\/\/missionlocale-innovam.fr\/wp-content\/uploads\/2023\/07\/logo-pour-site3-300x300.jpg 300w, https:\/\/missionlocale-innovam.fr\/wp-content\/uploads\/2023\/07\/logo-pour-site3-150x150.jpg 150w\" sizes=\"auto, (max-width: 417px) 100vw, 417px\" \/><\/a><\/figure>\n<\/div>\n\n\n\n<div class=\"wp-block-column is-layout-flow wp-block-column-is-layout-flow\">\n<figure class=\"wp-block-image size-full is-resized\"><a href=\"https:\/\/www.villejuif.fr\/accueil\" target=\"_blank\" rel=\" noreferrer noopener\"><img loading=\"lazy\" decoding=\"async\" width=\"417\" height=\"417\" src=\"https:\/\/missionlocale-innovam.fr\/wp-content\/uploads\/2023\/07\/logo-pour-site.jpg\" alt=\"\" class=\"wp-image-8242\" style=\"aspect-ratio:4\/3;object-fit:contain;width:150px\" srcset=\"https:\/\/missionlocale-innovam.fr\/wp-content\/uploads\/2023\/07\/logo-pour-site.jpg 417w, https:\/\/missionlocale-innovam.fr\/wp-content\/uploads\/2023\/07\/logo-pour-site-300x300.jpg 300w, https:\/\/missionlocale-innovam.fr\/wp-content\/uploads\/2023\/07\/logo-pour-site-150x150.jpg 150w\" sizes=\"auto, (max-width: 417px) 100vw, 417px\" \/><\/a><\/figure>\n<\/div>\n<\/div>\n\n\n\n<p><\/p>\n","protected":false},"excerpt":{"rendered":"<p>La direction Karim IDIR &#8211; Directeur Le p\u00f4le Emploi &amp; Partenariat Alexandre BOURDOULOUS \u2013 Coordinateur du Service Emploi Le p\u00f4le Accompagnement, Formation et Qualit\u00e9 des parcours C\u00e9dric MAIGNAN \u2013 Responsable de secteur, r\u00e9f\u00e9rent SI et ville d&rsquo;Arcueil Le P\u00f4le Action sociale Christine GUIFFAULT \u2013 Responsable de secteur, r\u00e9f\u00e9rente Mobilit\u00e9, Sant\u00e9 [&hellip;]<\/p>\n","protected":false},"author":1,"featured_media":0,"parent":0,"menu_order":0,"comment_status":"closed","ping_status":"closed","template":"page-with-sidebar","meta":{"_themeisle_gutenberg_block_has_review":false,"footnotes":""},"class_list":["post-4406","page","type-page","status-publish","hentry"],"_links":{"self":[{"href":"https:\/\/missionlocale-innovam.fr\/index.php\/wp-json\/wp\/v2\/pages\/4406","targetHints":{"allow":["GET"]}}],"collection":[{"href":"https:\/\/missionlocale-innovam.fr\/index.php\/wp-json\/wp\/v2\/pages"}],"about":[{"href":"https:\/\/missionlocale-innovam.fr\/index.php\/wp-json\/wp\/v2\/types\/page"}],"author":[{"embeddable":true,"href":"https:\/\/missionlocale-innovam.fr\/index.php\/wp-json\/wp\/v2\/users\/1"}],"replies":[{"embeddable":true,"href":"https:\/\/missionlocale-innovam.fr\/index.php\/wp-json\/wp\/v2\/comments?post=4406"}],"version-history":[{"count":254,"href":"https:\/\/missionlocale-innovam.fr\/index.php\/wp-json\/wp\/v2\/pages\/4406\/revisions"}],"predecessor-version":[{"id":10049,"href":"https:\/\/missionlocale-innovam.fr\/index.php\/wp-json\/wp\/v2\/pages\/4406\/revisions\/10049"}],"wp:attachment":[{"href":"https:\/\/missionlocale-innovam.fr\/index.php\/wp-json\/wp\/v2\/media?parent=4406"}],"curies":[{"name":"wp","href":"https:\/\/api.w.org\/{rel}","templated":true}]}}