{"id":4566,"date":"2019-08-08T11:52:46","date_gmt":"2019-08-08T09:52:46","guid":{"rendered":"https:\/\/missionlocale-innovam.fr\/?page_id=4566"},"modified":"2026-03-03T16:37:11","modified_gmt":"2026-03-03T15:37:11","slug":"acces-a-lemploi","status":"publish","type":"page","link":"https:\/\/missionlocale-innovam.fr\/index.php\/accesalemploi\/acces-a-lemploi\/","title":{"rendered":"Notre service emploi"},"content":{"rendered":"\n<div style=\"height:20px\" aria-hidden=\"true\" class=\"wp-block-spacer\"><\/div>\n\n\n\n<div class=\"wp-block-columns is-layout-flex wp-container-core-columns-is-layout-28f84493 wp-block-columns-is-layout-flex\">\n<div class=\"wp-block-column is-layout-flow wp-block-column-is-layout-flow\" style=\"flex-basis:66.66%\">\n<p>La Mission Locale favorise votre acc\u00e8s \u00e0 l\u2019emploi en vous aidant \u00e0 r\u00e9aliser des outils de recherche performants (CV, lettre) ou en vous pr\u00e9parant \u00e0 l\u2019entretien de recrutement. La Mission Locale vous met en relation avec des employeurs et peut vous accompagner lors de vos premiers mois d\u2019emploi. Venez participez \u00e0 nos ateliers d\u2019aide \u00e0 la recherche d\u2019emploi !<\/p>\n<\/div>\n\n\n\n<div class=\"wp-block-column is-layout-flow wp-block-column-is-layout-flow\" style=\"flex-basis:33.33%\">\n<figure class=\"wp-block-image alignleft size-full\"><img loading=\"lazy\" decoding=\"async\" width=\"262\" height=\"91\" src=\"https:\/\/missionlocale-innovam.fr\/wp-content\/uploads\/2015\/05\/Logo-SE-1-1.png\" alt=\"\" class=\"wp-image-2303\"\/><\/figure>\n<\/div>\n<\/div>\n\n\n\n<hr class=\"wp-block-separator has-text-color has-alpha-channel-opacity has-background\" style=\"background-color:#3b5fa9;color:#3b5fa9\"\/>\n\n\n\n<h4 class=\"wp-block-heading has-text-color has-big-font-size\" style=\"color:#01b6c9\"><strong>Nos missions<\/strong><\/h4>\n\n\n\n<h4 class=\"wp-block-heading has-text-color\" style=\"color:#3b5fa9\"><strong>Favoriser votre acc\u00e8s \u00e0 l\u2019emploi<\/strong><\/h4>\n\n\n\n<ul class=\"wp-block-list\">\n<li>D\u00e9velopper un r\u00e9seau d\u2019entreprises partenaires pour vous faire profiter de nos contacts<\/li>\n\n\n\n<li>Vous proposez des prestations emploi sur mesure<\/li>\n<\/ul>\n\n\n\n<h4 class=\"wp-block-heading has-text-color has-big-font-size\" style=\"color:#01b6c9\"><strong>Nos services<\/strong><\/h4>\n\n\n\n<h4 class=\"wp-block-heading has-text-color\" style=\"color:#3b5fa9\"><strong>L\u2019accueil en entretien conseil (sur rendez-vous)<\/strong><\/h4>\n\n\n\n<ul class=\"wp-block-list\">\n<li>L\u2019animation des ateliers de recherche d\u2019emploi<\/li>\n\n\n\n<li>Le suivi de votre recherche d\u2019emploi<\/li>\n\n\n\n<li>La mise en relation sur les&nbsp;offres des entreprises partenaires de la Mission Locale<\/li>\n\n\n\n<li>Faciliter vos d\u00e9marches aupr\u00e8s de P\u00f4le Emploi<\/li>\n\n\n\n<li>L\u2019accompagnement sur le dispositif du parrainage et la mise en relation avec les parrains et marraines<\/li>\n<\/ul>\n\n\n\n<div class=\"wp-block-columns is-layout-flex wp-container-core-columns-is-layout-28f84493 wp-block-columns-is-layout-flex\">\n<div class=\"wp-block-column is-layout-flow wp-block-column-is-layout-flow\" style=\"flex-basis:66.66%\">\n<h4 class=\"wp-block-heading has-text-color\" style=\"color:#3b5fa9\"><strong>Sessions de recrutement<\/strong><\/h4>\n\n\n\n<p>En fonction des besoins des entreprises, nous organisons au sein de la Mission Locale, des informations collectives et des entretiens d\u2019embauche avec des employeurs.&nbsp;<\/p>\n\n\n\n<p>En fonction des besoins des entreprises, nous organisons au sein de la Mission Locale, des informations collectives et des entretiens d\u2019embauche avec des employeurs.&nbsp;<\/p>\n<\/div>\n\n\n\n<div class=\"wp-block-column is-layout-flow wp-block-column-is-layout-flow\" style=\"flex-basis:66.66%\">\n<div style=\"height:24px\" aria-hidden=\"true\" class=\"wp-block-spacer\"><\/div>\n\n\n\n<figure class=\"wp-block-image aligncenter size-large is-resized\"><img loading=\"lazy\" decoding=\"async\" width=\"1024\" height=\"427\" src=\"https:\/\/missionlocale-innovam.fr\/wp-content\/uploads\/2026\/03\/Innfo-coll-sept-25-2-1024x427.jpg\" alt=\"\" class=\"wp-image-10173\" style=\"width:410px\" srcset=\"https:\/\/missionlocale-innovam.fr\/wp-content\/uploads\/2026\/03\/Innfo-coll-sept-25-2-1024x427.jpg 1024w, https:\/\/missionlocale-innovam.fr\/wp-content\/uploads\/2026\/03\/Innfo-coll-sept-25-2-300x125.jpg 300w, https:\/\/missionlocale-innovam.fr\/wp-content\/uploads\/2026\/03\/Innfo-coll-sept-25-2-768x320.jpg 768w, https:\/\/missionlocale-innovam.fr\/wp-content\/uploads\/2026\/03\/Innfo-coll-sept-25-2-1536x640.jpg 1536w, https:\/\/missionlocale-innovam.fr\/wp-content\/uploads\/2026\/03\/Innfo-coll-sept-25-2-2048x854.jpg 2048w\" sizes=\"auto, (max-width: 1024px) 100vw, 1024px\" \/><\/figure>\n<\/div>\n<\/div>\n","protected":false},"excerpt":{"rendered":"<p>La Mission Locale favorise votre acc\u00e8s \u00e0 l\u2019emploi en vous aidant \u00e0 r\u00e9aliser des outils de recherche performants (CV, lettre) ou en vous pr\u00e9parant \u00e0 l\u2019entretien de recrutement. La Mission Locale vous met en relation avec des employeurs et peut vous accompagner lors de vos premiers mois d\u2019emploi. Venez participez [&hellip;]<\/p>\n","protected":false},"author":1,"featured_media":0,"parent":214,"menu_order":0,"comment_status":"closed","ping_status":"closed","template":"page-with-sidebar","meta":{"_themeisle_gutenberg_block_has_review":false,"footnotes":""},"class_list":["post-4566","page","type-page","status-publish","hentry"],"_links":{"self":[{"href":"https:\/\/missionlocale-innovam.fr\/index.php\/wp-json\/wp\/v2\/pages\/4566","targetHints":{"allow":["GET"]}}],"collection":[{"href":"https:\/\/missionlocale-innovam.fr\/index.php\/wp-json\/wp\/v2\/pages"}],"about":[{"href":"https:\/\/missionlocale-innovam.fr\/index.php\/wp-json\/wp\/v2\/types\/page"}],"author":[{"embeddable":true,"href":"https:\/\/missionlocale-innovam.fr\/index.php\/wp-json\/wp\/v2\/users\/1"}],"replies":[{"embeddable":true,"href":"https:\/\/missionlocale-innovam.fr\/index.php\/wp-json\/wp\/v2\/comments?post=4566"}],"version-history":[{"count":37,"href":"https:\/\/missionlocale-innovam.fr\/index.php\/wp-json\/wp\/v2\/pages\/4566\/revisions"}],"predecessor-version":[{"id":10177,"href":"https:\/\/missionlocale-innovam.fr\/index.php\/wp-json\/wp\/v2\/pages\/4566\/revisions\/10177"}],"up":[{"embeddable":true,"href":"https:\/\/missionlocale-innovam.fr\/index.php\/wp-json\/wp\/v2\/pages\/214"}],"wp:attachment":[{"href":"https:\/\/missionlocale-innovam.fr\/index.php\/wp-json\/wp\/v2\/media?parent=4566"}],"curies":[{"name":"wp","href":"https:\/\/api.w.org\/{rel}","templated":true}]}}