{"id":4575,"date":"2019-08-08T12:02:33","date_gmt":"2019-08-08T10:02:33","guid":{"rendered":"https:\/\/missionlocale-innovam.fr\/?page_id=4575"},"modified":"2023-07-06T11:37:50","modified_gmt":"2023-07-06T09:37:50","slug":"formation","status":"publish","type":"page","link":"https:\/\/missionlocale-innovam.fr\/index.php\/orientation-formation\/formation\/","title":{"rendered":"La formation"},"content":{"rendered":"\n<div style=\"height:20px\" aria-hidden=\"true\" class=\"wp-block-spacer\"><\/div>\n\n\n\n<p>Votre conseiller vous propose les formations et les dispositifs les plus adapt\u00e9s \u00e0 votre situation : formations d&rsquo;aide \u00e0 l&rsquo;\u00e9laboration de projet, formations pr\u00e9paratoires \u00e0 la qualification, formations qualifiantes et dipl\u00f4mantes.<\/p>\n\n\n\n<hr class=\"wp-block-separator has-text-color has-alpha-channel-opacity has-background\" style=\"background-color:#3b5fa9;color:#3b5fa9\"\/>\n\n\n\n<p class=\"has-text-color\" style=\"color:#f8a82f\"><strong>Mon compte formation<\/strong><\/p>\n\n\n\n<p><a href=\"https:\/\/www.moncompteformation.gouv.fr\/espace-prive\/html\/#\/\">https:\/\/www.moncompteformation.gouv.fr\/espace-prive\/html\/#\/<\/a><\/p>\n\n\n\n<div style=\"height:3px\" aria-hidden=\"true\" class=\"wp-block-spacer\"><\/div>\n\n\n\n<h4 class=\"wp-block-heading has-text-color\" style=\"color:#f8a82f\"><strong>Rechercher une formation (16-25 ans)<\/strong><\/h4>\n\n\n\n<p><a rel=\"noreferrer noopener\" href=\"http:\/\/www.droit-de-la-formation.fr\" target=\"_blank\">www.droit-de-la-formation.fr<\/a><\/p>\n\n\n\n<p><a href=\"https:\/\/www.intercariforef.org\/dispo-1-jeune-1-solution\">https:\/\/www.intercariforef.org\/dispo-1-jeune-1-solution<\/a><\/p>\n\n\n\n<p><a href=\"http:\/\/www.orientation-pour-tous.fr\/\">www.Orientation-pour-tous.fr<\/a><\/p>\n\n\n\n<h4 class=\"wp-block-heading has-text-color\" style=\"color:#3b5fa9\">Organismes de formation<\/h4>\n\n\n\n<p><a rel=\"noreferrer noopener\" href=\"http:\/\/www.forpro-creteil.org\/\" target=\"_blank\">www.forpro-creteil.org<\/a><\/p>\n\n\n\n<p><a rel=\"noreferrer noopener\" href=\"http:\/\/www.forpro-creteil.org\/\" target=\"_blank\">www.afpa.fr<\/a><\/p>\n\n\n\n<p><a rel=\"noreferrer noopener\" href=\"http:\/\/www.e2c94.com\/\" target=\"_blank\">www.e2c94.com<\/a><\/p>\n\n\n\n<p><a rel=\"noreferrer noopener\" href=\"http:\/\/www.epide.fr\/\" target=\"_blank\">www.epide.fr<\/a><\/p>\n\n\n\n<div style=\"height:3px\" aria-hidden=\"true\" class=\"wp-block-spacer\"><\/div>\n\n\n\n<h4 class=\"wp-block-heading has-text-color\" style=\"color:#f8a82f\"><strong>Rechercher un  m\u00e9tier<\/strong><\/h4>\n\n\n\n<p><a rel=\"noreferrer noopener\" href=\"http:\/\/www.lesmetiers.net\" target=\"_blank\">www.lesmetiers.net<\/a><\/p>\n\n\n\n<p><a href=\"https:\/\/www.onisep.fr\/metier\">https:\/\/www.onisep.fr\/metier<\/a><\/p>\n\n\n\n<p><a href=\"https:\/\/www.cidj.com\/metiers\/metiers-par-secteur\">https:\/\/www.cidj.com\/metiers\/metiers-par-secteur<\/a><\/p>\n\n\n\n<p><a href=\"https:\/\/www.studyrama.com\/formations\/fiches-metiers\">https:\/\/www.studyrama.com\/formations\/fiches-metiers<\/a><\/p>\n\n\n\n<p><a href=\"https:\/\/www.letudiant.fr\/metiers.html\">https:\/\/www.letudiant.fr\/metiers.html<\/a><\/p>\n\n\n\n<p><a href=\"http:\/\/www.orientation-pour-tous.fr\/\">www.Orientation-pour-tous.fr<\/a><\/p>\n\n\n\n<div style=\"height:3px\" aria-hidden=\"true\" class=\"wp-block-spacer\"><\/div>\n\n\n\n<h4 class=\"wp-block-heading has-text-color\" style=\"color:#f8a82f\"><strong>Rechercher une formation en alternance<\/strong><\/h4>\n\n\n\n<p><a href=\"https:\/\/www.alternance.emploi.gouv.fr\/accueil\">https:\/\/www.alternance.emploi.gouv.fr\/accueil<\/a><\/p>\n\n\n\n<p><a href=\"https:\/\/jeunesdavenirs-recrut.fr\/\">https:\/\/jeunesdavenirs-recrut.fr\/<\/a><\/p>\n\n\n\n<p><a href=\"http:\/\/www.lapprenti.com\" target=\"_blank\" rel=\"noreferrer noopener\">www.lapprenti.com<\/a><\/p>\n","protected":false},"excerpt":{"rendered":"<p>Votre conseiller vous propose les formations et les dispositifs les plus adapt\u00e9s \u00e0 votre situation : formations d&rsquo;aide \u00e0 l&rsquo;\u00e9laboration de projet, formations pr\u00e9paratoires \u00e0 la qualification, formations qualifiantes et dipl\u00f4mantes. Mon compte formation https:\/\/www.moncompteformation.gouv.fr\/espace-prive\/html\/#\/ Rechercher une formation (16-25 ans) www.droit-de-la-formation.fr https:\/\/www.intercariforef.org\/dispo-1-jeune-1-solution www.Orientation-pour-tous.fr Organismes de formation www.forpro-creteil.org www.afpa.fr www.e2c94.com www.epide.fr [&hellip;]<\/p>\n","protected":false},"author":1,"featured_media":0,"parent":6,"menu_order":0,"comment_status":"closed","ping_status":"closed","template":"page-with-sidebar","meta":{"_themeisle_gutenberg_block_has_review":false,"footnotes":""},"class_list":["post-4575","page","type-page","status-publish","hentry"],"_links":{"self":[{"href":"https:\/\/missionlocale-innovam.fr\/index.php\/wp-json\/wp\/v2\/pages\/4575","targetHints":{"allow":["GET"]}}],"collection":[{"href":"https:\/\/missionlocale-innovam.fr\/index.php\/wp-json\/wp\/v2\/pages"}],"about":[{"href":"https:\/\/missionlocale-innovam.fr\/index.php\/wp-json\/wp\/v2\/types\/page"}],"author":[{"embeddable":true,"href":"https:\/\/missionlocale-innovam.fr\/index.php\/wp-json\/wp\/v2\/users\/1"}],"replies":[{"embeddable":true,"href":"https:\/\/missionlocale-innovam.fr\/index.php\/wp-json\/wp\/v2\/comments?post=4575"}],"version-history":[{"count":18,"href":"https:\/\/missionlocale-innovam.fr\/index.php\/wp-json\/wp\/v2\/pages\/4575\/revisions"}],"predecessor-version":[{"id":8590,"href":"https:\/\/missionlocale-innovam.fr\/index.php\/wp-json\/wp\/v2\/pages\/4575\/revisions\/8590"}],"up":[{"embeddable":true,"href":"https:\/\/missionlocale-innovam.fr\/index.php\/wp-json\/wp\/v2\/pages\/6"}],"wp:attachment":[{"href":"https:\/\/missionlocale-innovam.fr\/index.php\/wp-json\/wp\/v2\/media?parent=4575"}],"curies":[{"name":"wp","href":"https:\/\/api.w.org\/{rel}","templated":true}]}}