{"id":4586,"date":"2019-08-08T12:12:30","date_gmt":"2019-08-08T10:12:30","guid":{"rendered":"https:\/\/missionlocale-innovam.fr\/?page_id=4586"},"modified":"2023-12-26T09:18:34","modified_gmt":"2023-12-26T08:18:34","slug":"laide-a-la-recherche-de-logement","status":"publish","type":"page","link":"https:\/\/missionlocale-innovam.fr\/index.php\/laide-a-la-recherche-de-logement\/","title":{"rendered":"L&rsquo;aide \u00e0 la recherche de logement"},"content":{"rendered":"\n<div style=\"height:20px\" aria-hidden=\"true\" class=\"wp-block-spacer\"><\/div>\n\n\n\n<p><strong>Votre conseiller vous informe et vous oriente si n\u00e9cessaire vers les structures adapt\u00e9es \u00e0 vos besoins.<\/strong> Il peut vous proposer un rendez-vous avec un conseiller sp\u00e9cialis\u00e9 en interne pour approfondir le sujet et vous donner des adresses utiles. Vous rencontrez des difficult\u00e9s de logement ou tout simplement vous cherchez \u00e0 prendre votre autonomie, la Mission Locale peut vous apporter une aide. Votre conseiller vous informe sur les aides, les dispositifs et les types d&rsquo;h\u00e9bergements qui correspondent \u00e0 votre situation, \u00e0 vos ressources et il recherche avec vous la structure adapt\u00e9e. Il peut vous orienter vers le conseiller sp\u00e9cialis\u00e9 logement ou vous faire b\u00e9n\u00e9ficier des partenariats mis en place avec les r\u00e9sidences jeunes.<\/p>\n\n\n\n<hr class=\"wp-block-separator has-text-color has-alpha-channel-opacity has-background\" style=\"background-color:#3b5fa9;color:#3b5fa9\"\/>\n\n\n\n<h2 class=\"wp-block-heading has-text-color\" style=\"color:#01b6c9\">Nos partenaires Logement<\/h2>\n\n\n\n<div class=\"wp-block-columns is-layout-flex wp-container-core-columns-is-layout-28f84493 wp-block-columns-is-layout-flex\">\n<div class=\"wp-block-column is-layout-flow wp-block-column-is-layout-flow\" style=\"flex-basis:66.66%\">\n<p class=\"has-text-color\" style=\"color:#3b5fa9\"><strong>CLLAJ (Comit\u00e9 Local pour le Logement Autonome des jeunes)<\/strong><\/p>\n\n\n\n<p><strong>Le CLLAJ re\u00e7oit sur rdv toute personne \u00e2g\u00e9e de 18 \u00e0 30 ans et domicili\u00e9e depuis plus de 6 mois ou travaillant sur le territoire.<\/strong><br>Accueil, information et accompagnement dans les d\u00e9marches d\u2019accession au logement.<\/p>\n\n\n\n<p>6\/12, avenue du Pr\u00e9sident Wilson 94230 Cachan<\/p>\n\n\n\n<div id=\"wp-block-themeisle-blocks-icon-list-d968193b\" class=\"wp-block-themeisle-blocks-icon-list\">\n<div id=\"wp-block-themeisle-blocks-icon-list-item-ad7837ca\" class=\"wp-block-themeisle-blocks-icon-list-item\"><i class=\"fas fa-phone-alt wp-block-themeisle-blocks-icon-list-item-icon\"><\/i><p class=\"wp-block-themeisle-blocks-icon-list-item-content\"><strong>01 45 46 51 39<\/strong><\/p><\/div>\n<\/div>\n\n\n\n<p class=\"has-link-color wp-elements-17d6aa492b933bbd3b684c9bfca30c0e\"><a href=\"http:\/\/cllajvdb.fr\/\">http:\/\/cllajvdb.fr\/<\/a><\/p>\n<\/div>\n\n\n\n<div class=\"wp-block-column is-layout-flow wp-block-column-is-layout-flow\" style=\"flex-basis:33.33%\">\n<figure class=\"wp-block-image aligncenter size-medium is-resized\"><a href=\"https:\/\/missionlocale-innovam.fr\/wp-content\/uploads\/2023\/12\/CLLAJ-Guide-pour-le-logement-des-jeunes.pdf\"><img loading=\"lazy\" decoding=\"async\" width=\"150\" height=\"300\" src=\"https:\/\/missionlocale-innovam.fr\/wp-content\/uploads\/2023\/12\/CLLAJ-Guide-pour-le-logement-des-jeunes-1-150x300.jpg\" alt=\"\" class=\"wp-image-9086\" style=\"width:123px;height:auto\" srcset=\"https:\/\/missionlocale-innovam.fr\/wp-content\/uploads\/2023\/12\/CLLAJ-Guide-pour-le-logement-des-jeunes-1-150x300.jpg 150w, https:\/\/missionlocale-innovam.fr\/wp-content\/uploads\/2023\/12\/CLLAJ-Guide-pour-le-logement-des-jeunes-1-512x1024.jpg 512w, https:\/\/missionlocale-innovam.fr\/wp-content\/uploads\/2023\/12\/CLLAJ-Guide-pour-le-logement-des-jeunes-1-768x1536.jpg 768w, https:\/\/missionlocale-innovam.fr\/wp-content\/uploads\/2023\/12\/CLLAJ-Guide-pour-le-logement-des-jeunes-1-1024x2048.jpg 1024w, https:\/\/missionlocale-innovam.fr\/wp-content\/uploads\/2023\/12\/CLLAJ-Guide-pour-le-logement-des-jeunes-1.jpg 1240w\" sizes=\"auto, (max-width: 150px) 100vw, 150px\" \/><\/a><\/figure>\n\n\n\n<p class=\"has-text-align-center has-extra-small-font-size\"><a href=\"https:\/\/missionlocale-innovam.fr\/wp-content\/uploads\/2023\/12\/CLLAJ-Guide-pour-le-logement-des-jeunes.pdf\">T\u00e9l\u00e9charger<\/a><\/p>\n<\/div>\n<\/div>\n\n\n\n<p class=\"has-text-color\" style=\"color:#3b5fa9\"><strong>Agence d\u00e9partementale d&rsquo;information sur le logement du Val-de-Marne<\/strong><\/p>\n\n\n\n<p><strong>ADIL (accueil permanent)<\/strong><br><strong>Agence D\u00e9partementale d\u2019Information sur le Logement<\/strong><\/p>\n\n\n\n<p>48 avenue Pierre Brossolette 94000 CRETEIL<\/p>\n\n\n\n<div id=\"wp-block-themeisle-blocks-icon-list-0f7b86fe\" class=\"wp-block-themeisle-blocks-icon-list\">\n<div id=\"wp-block-themeisle-blocks-icon-list-item-a2947229\" class=\"wp-block-themeisle-blocks-icon-list-item\"><i class=\"fas fa-phone-alt wp-block-themeisle-blocks-icon-list-item-icon\"><\/i><p class=\"wp-block-themeisle-blocks-icon-list-item-content\"><strong>0820 16 94 94<\/strong><\/p><\/div>\n<\/div>\n\n\n\n<p class=\"has-link-color wp-elements-03d9f13a4856cce9819e039af3cb2e8f\"><a href=\"http:\/\/www.adil94.org\">www.adil94.org<\/a><\/p>\n","protected":false},"excerpt":{"rendered":"<p>Votre conseiller vous informe et vous oriente si n\u00e9cessaire vers les structures adapt\u00e9es \u00e0 vos besoins. Il peut vous proposer un rendez-vous avec un conseiller sp\u00e9cialis\u00e9 en interne pour approfondir le sujet et vous donner des adresses utiles. Vous rencontrez des difficult\u00e9s de logement ou tout simplement vous cherchez \u00e0 [&hellip;]<\/p>\n","protected":false},"author":1,"featured_media":0,"parent":0,"menu_order":0,"comment_status":"closed","ping_status":"closed","template":"page-with-sidebar","meta":{"_themeisle_gutenberg_block_has_review":false,"footnotes":""},"class_list":["post-4586","page","type-page","status-publish","hentry"],"_links":{"self":[{"href":"https:\/\/missionlocale-innovam.fr\/index.php\/wp-json\/wp\/v2\/pages\/4586","targetHints":{"allow":["GET"]}}],"collection":[{"href":"https:\/\/missionlocale-innovam.fr\/index.php\/wp-json\/wp\/v2\/pages"}],"about":[{"href":"https:\/\/missionlocale-innovam.fr\/index.php\/wp-json\/wp\/v2\/types\/page"}],"author":[{"embeddable":true,"href":"https:\/\/missionlocale-innovam.fr\/index.php\/wp-json\/wp\/v2\/users\/1"}],"replies":[{"embeddable":true,"href":"https:\/\/missionlocale-innovam.fr\/index.php\/wp-json\/wp\/v2\/comments?post=4586"}],"version-history":[{"count":25,"href":"https:\/\/missionlocale-innovam.fr\/index.php\/wp-json\/wp\/v2\/pages\/4586\/revisions"}],"predecessor-version":[{"id":9090,"href":"https:\/\/missionlocale-innovam.fr\/index.php\/wp-json\/wp\/v2\/pages\/4586\/revisions\/9090"}],"wp:attachment":[{"href":"https:\/\/missionlocale-innovam.fr\/index.php\/wp-json\/wp\/v2\/media?parent=4586"}],"curies":[{"name":"wp","href":"https:\/\/api.w.org\/{rel}","templated":true}]}}