{"id":4667,"date":"2019-08-08T16:08:55","date_gmt":"2019-08-08T14:08:55","guid":{"rendered":"https:\/\/missionlocale-innovam.fr\/?page_id=4667"},"modified":"2026-02-03T12:47:22","modified_gmt":"2026-02-03T11:47:22","slug":"la-sante","status":"publish","type":"page","link":"https:\/\/missionlocale-innovam.fr\/index.php\/la-sante\/","title":{"rendered":"L&rsquo;acc\u00e8s aux soins"},"content":{"rendered":"\n<div style=\"height:20px\" aria-hidden=\"true\" class=\"wp-block-spacer\"><\/div>\n\n\n\n<p>Si vous rencontrez des difficult\u00e9s pour consulter un m\u00e9decin, si vous n&rsquo;avez pas de droits ouverts \u00e0 la S\u00e9curit\u00e9 Sociale ou encore pour toutes questions, votre conseiller peut vous informer ou vous mettre en relation avec le professionnel adapt\u00e9.<\/p>\n\n\n\n<h4 class=\"wp-block-heading has-text-color\" style=\"color:#3b5fa9\"><strong>L\u2019acc\u00e8s aux droits<\/strong><\/h4>\n\n\n\n<ul class=\"wp-block-list\">\n<li><strong>Ouverture des droits \u00e0 la S\u00e9curit\u00e9 Sociale, Couverture Maladie Universelle<\/strong><\/li>\n<\/ul>\n\n\n\n<p><a href=\"http:\/\/www.ameli.fr\/\">http:\/\/www.ameli.fr\/<\/a><\/p>\n\n\n\n<h4 class=\"wp-block-heading has-text-color\" style=\"color:#3b5fa9\"><strong>L\u2019acc\u00e8s aux soins<\/strong><\/h4>\n\n\n\n<ul class=\"wp-block-list\">\n<li>Possibilit\u00e9 de <strong>bilans de sant\u00e9 gratuits avec la CPAM<\/strong><\/li>\n\n\n\n<li>Des <strong>visites m\u00e9dicales gratuites en partenariat avec les Centres Municipaux de Sant\u00e9<\/strong>, pour les personnes qui n\u2019ont pas de droits ouverts \u00e0 la S\u00e9curit\u00e9 Sociale<\/li>\n<\/ul>\n\n\n\n<h4 class=\"wp-block-heading has-text-color\" style=\"color:#3b5fa9\"><strong>Actions de pr\u00e9vention<\/strong><\/h4>\n\n\n\n<p><strong>La Mission Locale vous conseille en mati\u00e8re de pr\u00e9vention<\/strong> (addictions, nutrition, sexualit\u00e9&#8230;) et vous oriente vers des partenaires<\/p>\n\n\n\n<ul class=\"wp-block-list\">\n<li>De nombreuses brochures d&rsquo;informations sont en libre service \u00e0 l&rsquo;accueil<\/li>\n\n\n\n<li>Des pr\u00e9servatifs gratuits sont \u00e0 votre disposition \u00e0 l&rsquo;accueil<\/li>\n<\/ul>\n\n\n\n<hr class=\"wp-block-separator has-text-color has-purple-color has-alpha-channel-opacity has-purple-background-color has-background is-style-wide\"\/>\n\n\n\n<h4 class=\"wp-block-heading has-purple-color has-text-color has-medium-font-size\"><strong>Nos partenaires Sant\u00e9<\/strong><\/h4>\n\n\n\n<p><strong>CMS de Cachan<\/strong> : 7, avenue Cousin de M\u00e9ricourt &#8211; 01 49 69 61 40<\/p>\n\n\n\n<p><strong>CMS de Gentilly<\/strong> : 6, rue du Docteur T\u00e9nine &#8211; 01 49 69 61 40<\/p>\n\n\n\n<p><strong>CMS d&rsquo;Arcueil<\/strong> : 3, rue du 8 mai 1945 &#8211; 01 46 15 08 09<\/p>\n\n\n\n<p><strong>CMS de Villejuif<\/strong> : 43, avenue Karl Marx &#8211; 01 45 59 23 70<\/p>\n\n\n\n<h4 class=\"wp-block-heading has-text-color\" style=\"color:#3b5fa9\"><strong>Centres de planification et d\u2019\u00e9ducation familiale<\/strong><\/h4>\n\n\n\n<p><strong>Centre de PMI de Cachan<\/strong> : 4, rue Raspail &#8211; 01 46 63 21 88<\/p>\n\n\n\n<p><strong>Centre de PMI de Gentilly<\/strong> : 20, rue du Soleil Levant &#8211; 01 45 47 79 79<\/p>\n\n\n\n<p><strong>Centre de PMI de Gentilly<\/strong> : HLM du Chaperon Vert &#8211; rue Danielle Mitterrand &#8211; 01 46 56 80 77<\/p>\n\n\n\n<p><strong>Centre de PMI du Kremlin-Bic\u00eatre<\/strong> : 24, rue du 14 Juillet &#8211; 01 49 58 43 15<\/p>\n\n\n\n<p><strong>Centres de PMI de Villejuif<\/strong><br>3, rue Henri Barbusse &#8211; 01 46 78 80 59<br>et 22, avenue Stalingrad &#8211; 01 47 26 09 86<\/p>\n\n\n\n<hr class=\"wp-block-separator has-alpha-channel-opacity\"\/>\n\n\n\n<h4 class=\"wp-block-heading has-text-color\" style=\"color:#3b5fa9\"><strong>Centre de d\u00e9pistages anonymes et gratuits pour le SIDA, H\u00e9patites, IST<\/strong><\/h4>\n\n\n\n<p><strong>Centre de sant\u00e9<\/strong><br>64, avenue Georges Gosnat &#8211; 94200 Ivry sur Seine &#8211; 01 80 51 86 00<\/p>\n\n\n\n<p><strong>Centre de Sant\u00e9<\/strong><br>12-14, rue du G\u00e9n\u00e9ral de Gaulle &#8211; 94400 Vitry sur Seine &#8211; 01 55 53 50 80<\/p>\n","protected":false},"excerpt":{"rendered":"<p>Si vous rencontrez des difficult\u00e9s pour consulter un m\u00e9decin, si vous n&rsquo;avez pas de droits ouverts \u00e0 la S\u00e9curit\u00e9 Sociale ou encore pour toutes questions, votre conseiller peut vous informer ou vous mettre en relation avec le professionnel adapt\u00e9. L\u2019acc\u00e8s aux droits http:\/\/www.ameli.fr\/ L\u2019acc\u00e8s aux soins Actions de pr\u00e9vention La [&hellip;]<\/p>\n","protected":false},"author":1,"featured_media":0,"parent":0,"menu_order":0,"comment_status":"closed","ping_status":"closed","template":"page-with-sidebar","meta":{"_themeisle_gutenberg_block_has_review":false,"footnotes":""},"class_list":["post-4667","page","type-page","status-publish","hentry"],"_links":{"self":[{"href":"https:\/\/missionlocale-innovam.fr\/index.php\/wp-json\/wp\/v2\/pages\/4667","targetHints":{"allow":["GET"]}}],"collection":[{"href":"https:\/\/missionlocale-innovam.fr\/index.php\/wp-json\/wp\/v2\/pages"}],"about":[{"href":"https:\/\/missionlocale-innovam.fr\/index.php\/wp-json\/wp\/v2\/types\/page"}],"author":[{"embeddable":true,"href":"https:\/\/missionlocale-innovam.fr\/index.php\/wp-json\/wp\/v2\/users\/1"}],"replies":[{"embeddable":true,"href":"https:\/\/missionlocale-innovam.fr\/index.php\/wp-json\/wp\/v2\/comments?post=4667"}],"version-history":[{"count":36,"href":"https:\/\/missionlocale-innovam.fr\/index.php\/wp-json\/wp\/v2\/pages\/4667\/revisions"}],"predecessor-version":[{"id":10092,"href":"https:\/\/missionlocale-innovam.fr\/index.php\/wp-json\/wp\/v2\/pages\/4667\/revisions\/10092"}],"wp:attachment":[{"href":"https:\/\/missionlocale-innovam.fr\/index.php\/wp-json\/wp\/v2\/media?parent=4667"}],"curies":[{"name":"wp","href":"https:\/\/api.w.org\/{rel}","templated":true}]}}