{"id":5308,"date":"2019-08-13T11:50:51","date_gmt":"2019-08-13T09:50:51","guid":{"rendered":"https:\/\/missionlocale-innovam.fr\/?page_id=5308"},"modified":"2026-02-24T15:32:04","modified_gmt":"2026-02-24T14:32:04","slug":"mentions-legales-et-protection-des-donnees","status":"publish","type":"page","link":"https:\/\/missionlocale-innovam.fr\/index.php\/mentions-legales-et-protection-des-donnees\/","title":{"rendered":"Mentions l\u00e9gales et protection des donn\u00e9es"},"content":{"rendered":"\n<h4 class=\"wp-block-heading has-purple-color has-text-color has-small-font-size\" style=\"font-style:normal;font-weight:500\"><strong>Propri\u00e9taire du site<\/strong><\/h4>\n\n\n\n<p class=\"has-extra-small-font-size\">Ce site est \u00e9dit\u00e9 par la Mission Locale INNOVAM repr\u00e9sent\u00e9e par Fran\u00e7oise CARTEAU \u2013 Pr\u00e9sidente<br>L\u2019h\u00e9bergement du site est assur\u00e9 par la soci\u00e9t\u00e9 OVH -2 rue Kellermann &#8211; BP 80157, 59100 Roubaix<br>Charg\u00e9e de communication et d\u00e9l\u00e9gu\u00e9e \u00e0 la protection des donn\u00e9es : Jenny OUERGHI<\/p>\n\n\n\n<h4 class=\"wp-block-heading has-text-color has-small-font-size\" style=\"color:#3b5fa9\"><strong>Droits d&rsquo;auteur \/ Copyright<\/strong><\/h4>\n\n\n\n<p class=\"has-extra-small-font-size\">La Mission Locale est propri\u00e9taire des droits de propri\u00e9t\u00e9 intellectuelle et d\u00e9tient les droits d\u2019usage sur tous les \u00e9l\u00e9ments accessibles sur le site internet, notamment les textes, images, graphismes, logos, vid\u00e9os, ic\u00f4nes et sons.<\/p>\n\n\n\n<p class=\"has-extra-small-font-size\">L&rsquo;ensemble des informations pr\u00e9sentes sur ce site peut \u00eatre t\u00e9l\u00e9charg\u00e9, reproduit, imprim\u00e9 sous r\u00e9serve :<\/p>\n\n\n\n<ul class=\"wp-block-list\">\n<li class=\"has-extra-small-font-size\">de n&rsquo;utiliser ces informations qu&rsquo;\u00e0 des fins d&rsquo;information et en aucune mani\u00e8re \u00e0 des fins commerciales<\/li>\n\n\n\n<li class=\"has-extra-small-font-size\">de ne pas modifier ces informations<\/li>\n\n\n\n<li class=\"has-extra-small-font-size\">de reproduire sur toutes copies la mention des droits d&rsquo;auteur \u00ab\u00a0\u00a9 www.missionlocale-innovam.fr\u00a0\u00bb<\/li>\n<\/ul>\n\n\n\n<p class=\"has-extra-small-font-size\">Toute autre utilisation non express\u00e9ment autoris\u00e9e est strictement interdite sans autorisation pr\u00e9alable et \u00e9crite de la Mission Locale INNOVAM. L&rsquo;usage du logo ne peut \u00eatre fait sans autorisation pr\u00e9alable.<\/p>\n\n\n\n<h4 class=\"wp-block-heading has-purple-color has-text-color has-small-font-size\"><strong>Responsabilit\u00e9<\/strong><\/h4>\n\n\n\n<p class=\"has-extra-small-font-size\">L&rsquo;ensemble des informations accessibles via ce site est fourni en l&rsquo;\u00e9tat.<br>La Mission Locale INNOVAM ne donne aucune garantie, explicite ou implicite, et n&rsquo;assume aucune responsabilit\u00e9 relative \u00e0 l&rsquo;utilisation de ces informations.<br>La Mission Locale INNOVAM n&rsquo;est pas responsable ni de l&rsquo;exactitude, ni des erreurs, ni des omissions contenues sur ce site. L&rsquo;utilisateur est seul responsable de l&rsquo;utilisation de telles informations.<br>La Mission Locale INNOVAM se r\u00e9serve le droit de modifier \u00e0 tout moment les pr\u00e9sentes, notamment en actualisant ce site.<br>L&rsquo;utilisateur s&rsquo;engage \u00e0 ne transmettre sur ce site aucune information pouvant entra\u00eener une responsabilit\u00e9 civile ou p\u00e9nale et s&rsquo;engage \u00e0 ce titre \u00e0 ne pas divulguer via ce site des informations ill\u00e9gales, contraires \u00e0 l&rsquo;ordre public ou diffamatoires.<\/p>\n\n\n\n<h4 class=\"wp-block-heading has-text-color has-small-font-size\" style=\"color:#3b5fa9\"><strong>Liens hypertextes<\/strong><\/h4>\n\n\n\n<p class=\"has-extra-small-font-size\">Les liens mis en place depuis le site vers des sites ext\u00e9rieurs ne sauraient engager la responsabilit\u00e9 du la Mission Locale INNOVAM, notamment au regard du contenu de ces sites, mais \u00e9galement des risques techniques. En acceptant d&rsquo;utiliser un lien hypertexte pour acc\u00e9der \u00e0 un site ext\u00e9rieur, vous acceptez de prendre les risques et de subir un \u00e9ventuel pr\u00e9judice direct ou indirect. La cr\u00e9ation de liens hypertexte vers le site est totalement autoris\u00e9e.<\/p>\n\n\n\n<h4 class=\"wp-block-heading has-purple-color has-text-color has-small-font-size\"><strong>Utilisation et conservation de vos donn\u00e9es personnelles<\/strong><\/h4>\n\n\n\n<p class=\"has-extra-small-font-size\">Seules les donn\u00e9es d\u00e9pos\u00e9es volontairement par l&rsquo;internaute via les formulaires de contact et de pr\u00e9-inscription (Nom, pr\u00e9nom, \u00e2ge, ville, adresse mail) sont conserv\u00e9es pendant 18 mois et sont uniquement destin\u00e9es au traitement des demandes.<\/p>\n\n\n\n<p class=\"has-extra-small-font-size\">Ces donn\u00e9es ne seront jamais communiqu\u00e9es \u00e0 des tiers et sont accessibles uniquement par la direction et ses collaborateurs habilit\u00e9s.<\/p>\n\n\n\n<p class=\"has-extra-small-font-size\">Conform\u00e9ment \u00e0 la loi \u00ab informatique et libert\u00e9s \u00bb, vous disposez d\u2019un droit d\u2019acc\u00e8s, de modification et\/ou de suppression des donn\u00e9es vous concernant \u00e0 tout moment.<br>Pour exercer ce droit d&rsquo;acc\u00e8s, l&rsquo;utilisateur s&rsquo;adressera par courrier en recommand\u00e9 \u00e0 : D\u00e9l\u00e9gu\u00e9e \u00e0 la protection des donn\u00e9es &#8211; Mission Locale INNOVAM, 19, rue de la Gare &#8211; B\u00e2t B1 &#8211; 94230 CACHAN.<\/p>\n\n\n\n<figure class=\"wp-block-image aligncenter size-full is-resized\"><img loading=\"lazy\" decoding=\"async\" width=\"600\" height=\"612\" src=\"https:\/\/missionlocale-innovam.fr\/wp-content\/uploads\/2023\/11\/RGPD_06_Logo-Badge_MaMissionLocaleProtege_Bass-Def_sur-fond-blanc.png\" alt=\"\" class=\"wp-image-9060\" style=\"width:193px;height:auto\" srcset=\"https:\/\/missionlocale-innovam.fr\/wp-content\/uploads\/2023\/11\/RGPD_06_Logo-Badge_MaMissionLocaleProtege_Bass-Def_sur-fond-blanc.png 600w, https:\/\/missionlocale-innovam.fr\/wp-content\/uploads\/2023\/11\/RGPD_06_Logo-Badge_MaMissionLocaleProtege_Bass-Def_sur-fond-blanc-294x300.png 294w\" sizes=\"auto, (max-width: 600px) 100vw, 600px\" \/><\/figure>\n","protected":false},"excerpt":{"rendered":"<p>Propri\u00e9taire du site Ce site est \u00e9dit\u00e9 par la Mission Locale INNOVAM repr\u00e9sent\u00e9e par Fran\u00e7oise CARTEAU \u2013 Pr\u00e9sidenteL\u2019h\u00e9bergement du site est assur\u00e9 par la soci\u00e9t\u00e9 OVH -2 rue Kellermann &#8211; BP 80157, 59100 RoubaixCharg\u00e9e de communication et d\u00e9l\u00e9gu\u00e9e \u00e0 la protection des donn\u00e9es : Jenny OUERGHI Droits d&rsquo;auteur \/ Copyright [&hellip;]<\/p>\n","protected":false},"author":1,"featured_media":0,"parent":0,"menu_order":0,"comment_status":"closed","ping_status":"closed","template":"page-with-sidebar","meta":{"_themeisle_gutenberg_block_has_review":false,"footnotes":""},"class_list":["post-5308","page","type-page","status-publish","hentry"],"_links":{"self":[{"href":"https:\/\/missionlocale-innovam.fr\/index.php\/wp-json\/wp\/v2\/pages\/5308","targetHints":{"allow":["GET"]}}],"collection":[{"href":"https:\/\/missionlocale-innovam.fr\/index.php\/wp-json\/wp\/v2\/pages"}],"about":[{"href":"https:\/\/missionlocale-innovam.fr\/index.php\/wp-json\/wp\/v2\/types\/page"}],"author":[{"embeddable":true,"href":"https:\/\/missionlocale-innovam.fr\/index.php\/wp-json\/wp\/v2\/users\/1"}],"replies":[{"embeddable":true,"href":"https:\/\/missionlocale-innovam.fr\/index.php\/wp-json\/wp\/v2\/comments?post=5308"}],"version-history":[{"count":44,"href":"https:\/\/missionlocale-innovam.fr\/index.php\/wp-json\/wp\/v2\/pages\/5308\/revisions"}],"predecessor-version":[{"id":10139,"href":"https:\/\/missionlocale-innovam.fr\/index.php\/wp-json\/wp\/v2\/pages\/5308\/revisions\/10139"}],"wp:attachment":[{"href":"https:\/\/missionlocale-innovam.fr\/index.php\/wp-json\/wp\/v2\/media?parent=5308"}],"curies":[{"name":"wp","href":"https:\/\/api.w.org\/{rel}","templated":true}]}}