{"id":64,"date":"2015-05-11T12:00:20","date_gmt":"2015-05-11T10:00:20","guid":{"rendered":"http:\/\/localhost\/innovam\/?page_id=64"},"modified":"2026-02-04T09:27:24","modified_gmt":"2026-02-04T08:27:24","slug":"le-parcours-orientation-professionnelle-pop","status":"publish","type":"page","link":"https:\/\/missionlocale-innovam.fr\/index.php\/orientation-formation\/le-parcours-orientation-professionnelle-pop\/","title":{"rendered":"Le Parcours d&rsquo;Orientation Professionnelle POP"},"content":{"rendered":"\n<div style=\"height:20px\" aria-hidden=\"true\" class=\"wp-block-spacer\"><\/div>\n\n\n\n<p>Vous \u00eates perdu quant \u00e0 votre orientation professionnelle, vous ne savez pas vers quel m\u00e9tier vous orienter, vers quelle formation vous diriger ou vous avez plusieurs id\u00e9es mais vous avez des difficult\u00e9s \u00e0 faire un choix<\/p>\n\n\n\n<hr class=\"wp-block-separator has-text-color has-alpha-channel-opacity has-background\" style=\"background-color:#3b5fa9;color:#3b5fa9\"\/>\n\n\n\n<h4 class=\"wp-block-heading has-text-color\" style=\"color:#f8a82f\"><strong>L\u2019Atelier POP est fait pour vous !<\/strong><\/h4>\n\n\n\n<p>Dans un premier temps vous vous interrogez sur votre personnalit\u00e9, vos go\u00fbts, vos envies, vos comp\u00e9tences, vous participez \u00e0 des sessions de d\u00e9couvertes des m\u00e9tiers, des formations\u2026<br>Ensuite vous confirmez ce projet en allant rencontrer des professionnels, pour \u00e9changer avec eux sur leur m\u00e9tier, afin d\u2019approfondir votre connaissance du ou des m\u00e9tiers cibl\u00e9s.<br>Puis, vous effectuez un stage pratique dans une entreprise, afin de confirmer votre projet.<\/p>\n\n\n\n<hr class=\"wp-block-separator has-text-color has-alpha-channel-opacity has-background\" style=\"background-color:#3b5fa9;color:#3b5fa9\"\/>\n\n\n\n<div class=\"wp-block-columns is-layout-flex wp-container-core-columns-is-layout-28f84493 wp-block-columns-is-layout-flex\">\n<div class=\"wp-block-column is-layout-flow wp-block-column-is-layout-flow\" style=\"flex-basis:66.66%\">\n<p><strong>Des sessions ont lieu une fois par mois <\/strong><\/p>\n\n\n\n<p><strong><em>Parlez-en \u00e0 votre conseiller !<\/em><\/strong><\/p>\n<\/div>\n\n\n\n<div class=\"wp-block-column is-layout-flow wp-block-column-is-layout-flow\" style=\"flex-basis:33.33%\">\n<figure class=\"wp-block-image size-large\"><img loading=\"lazy\" decoding=\"async\" width=\"2560\" height=\"1440\" src=\"https:\/\/missionlocale-innovam.fr\/wp-content\/uploads\/2023\/07\/pop-01-23-2-edited-scaled.jpg\" alt=\"\" class=\"wp-image-8599\" srcset=\"https:\/\/missionlocale-innovam.fr\/wp-content\/uploads\/2023\/07\/pop-01-23-2-edited-scaled.jpg 2560w, https:\/\/missionlocale-innovam.fr\/wp-content\/uploads\/2023\/07\/pop-01-23-2-edited-300x169.jpg 300w, https:\/\/missionlocale-innovam.fr\/wp-content\/uploads\/2023\/07\/pop-01-23-2-edited-1024x576.jpg 1024w, https:\/\/missionlocale-innovam.fr\/wp-content\/uploads\/2023\/07\/pop-01-23-2-edited-768x432.jpg 768w, https:\/\/missionlocale-innovam.fr\/wp-content\/uploads\/2023\/07\/pop-01-23-2-edited-1536x864.jpg 1536w, https:\/\/missionlocale-innovam.fr\/wp-content\/uploads\/2023\/07\/pop-01-23-2-edited-2048x1152.jpg 2048w\" sizes=\"auto, (max-width: 2560px) 100vw, 2560px\" \/><\/figure>\n<\/div>\n<\/div>\n","protected":false},"excerpt":{"rendered":"<p>Vous \u00eates perdu quant \u00e0 votre orientation professionnelle, vous ne savez pas vers quel m\u00e9tier vous orienter, vers quelle formation vous diriger ou vous avez plusieurs id\u00e9es mais vous avez des difficult\u00e9s \u00e0 faire un choix L\u2019Atelier POP est fait pour vous ! Dans un premier temps vous vous interrogez [&hellip;]<\/p>\n","protected":false},"author":1,"featured_media":0,"parent":6,"menu_order":0,"comment_status":"closed","ping_status":"closed","template":"page-with-sidebar","meta":{"_themeisle_gutenberg_block_has_review":false,"footnotes":""},"class_list":["post-64","page","type-page","status-publish","hentry"],"_links":{"self":[{"href":"https:\/\/missionlocale-innovam.fr\/index.php\/wp-json\/wp\/v2\/pages\/64","targetHints":{"allow":["GET"]}}],"collection":[{"href":"https:\/\/missionlocale-innovam.fr\/index.php\/wp-json\/wp\/v2\/pages"}],"about":[{"href":"https:\/\/missionlocale-innovam.fr\/index.php\/wp-json\/wp\/v2\/types\/page"}],"author":[{"embeddable":true,"href":"https:\/\/missionlocale-innovam.fr\/index.php\/wp-json\/wp\/v2\/users\/1"}],"replies":[{"embeddable":true,"href":"https:\/\/missionlocale-innovam.fr\/index.php\/wp-json\/wp\/v2\/comments?post=64"}],"version-history":[{"count":31,"href":"https:\/\/missionlocale-innovam.fr\/index.php\/wp-json\/wp\/v2\/pages\/64\/revisions"}],"predecessor-version":[{"id":10102,"href":"https:\/\/missionlocale-innovam.fr\/index.php\/wp-json\/wp\/v2\/pages\/64\/revisions\/10102"}],"up":[{"embeddable":true,"href":"https:\/\/missionlocale-innovam.fr\/index.php\/wp-json\/wp\/v2\/pages\/6"}],"wp:attachment":[{"href":"https:\/\/missionlocale-innovam.fr\/index.php\/wp-json\/wp\/v2\/media?parent=64"}],"curies":[{"name":"wp","href":"https:\/\/api.w.org\/{rel}","templated":true}]}}