{"id":6743,"date":"2022-03-18T12:25:05","date_gmt":"2022-03-18T11:25:05","guid":{"rendered":"https:\/\/missionlocale-innovam.fr\/?page_id=6743"},"modified":"2026-03-27T09:28:43","modified_gmt":"2026-03-27T08:28:43","slug":"le-contrat-dengagement-jeune","status":"publish","type":"page","link":"https:\/\/missionlocale-innovam.fr\/index.php\/le-contrat-dengagement-jeune\/","title":{"rendered":"Le Contrat d&rsquo;Engagement Jeune"},"content":{"rendered":"\n<div style=\"height:20px\" aria-hidden=\"true\" class=\"wp-block-spacer\"><\/div>\n\n\n\n<h4 class=\"wp-block-heading has-text-color\" style=\"color:#3b5fa9\"><strong>Le Contrat d\u2019Engagement Jeune, tous mobilis\u00e9s !<\/strong><\/h4>\n\n\n\n<p><strong>Le Contrat d\u2019Engagement Jeune s\u2019inscrit dans la continuit\u00e9 du plan \u201c1 jeune, 1 solution\u201d mis en place en juillet 2020, une mobilisation en faveur de l\u2019emploi des jeunes qui a permis \u00e0 pr\u00e8s de 4 millions d\u2019entre eux de trouver une solution : un emploi, une formation ou un parcours d\u2019insertion.<\/strong><\/p>\n\n\n\n<div class=\"wp-block-columns is-layout-flex wp-container-core-columns-is-layout-28f84493 wp-block-columns-is-layout-flex\">\n<div class=\"wp-block-column is-layout-flow wp-block-column-is-layout-flow\" style=\"flex-basis:100%\">\n<h4 class=\"wp-block-heading has-purple-color has-text-color\"><strong>Le Contrat d\u2019Engagement Jeune, qu\u2019est-ce que c\u2019est ?<\/strong><\/h4>\n\n\n\n<p>\u00c0 partir du 1<sup>er<\/sup> mars 2022, un parcours enti\u00e8rement personnalis\u00e9 qui peut durer de 6 \u00e0 12 mois en fonction du jeune, pour l\u2019aider \u00e0 d\u00e9finir son projet professionnel et \u00e0 trouver un emploi.<\/p>\n\n\n\n<p>En signant le Contrat d\u2019Engagement Jeune, le jeune b\u00e9n\u00e9ficie :<\/p>\n\n\n\n<ul class=\"wp-block-list\">\n<li>d\u2019un accompagnement par un conseiller d\u00e9di\u00e9 qui le suit tout au long de son parcours et jusqu\u2019\u00e0 ce qu\u2019il trouve un emploi&nbsp;;<\/li>\n\n\n\n<li>D\u2019un programme intensif de 15 \u00e0 20 heures par semaine compos\u00e9 de diff\u00e9rents types d\u2019activit\u00e9s&nbsp;;<\/li>\n\n\n\n<li>D\u2019une allocation pouvant aller jusqu\u2019\u00e0 566.17 \u20ac (1er avril 2026) par mois sous conditions.<\/li>\n<\/ul>\n\n\n\n<h4 class=\"wp-block-heading has-purple-color has-text-color\"><strong>C\u2019est pour qui ?<\/strong><\/h4>\n\n\n\n<p>Le Contrat d\u2019Engagement Jeune s\u2019adresse \u00e0 des jeunes :<\/p>\n\n\n\n<ul class=\"wp-block-list\">\n<li>Entre 16 et 25 ans (ou moins de 30 ans pour les jeunes en situation de handicap)<\/li>\n\n\n\n<li>Sans emploi durable (CDI ou CDD longue dur\u00e9e), ni formation<\/li>\n\n\n\n<li>Sans projet professionnel d\u00e9fini<\/li>\n\n\n\n<li>Pouvant faire face \u00e0 des difficult\u00e9s mat\u00e9rielles et financi\u00e8res<\/li>\n\n\n\n<li>Pr\u00eats \u00e0 s\u2019engager \u00e0 suivre le programme<\/li>\n<\/ul>\n\n\n\n<p class=\"has-small-font-size\">Pour en savoir plus&nbsp;: <a href=\"https:\/\/www.1jeune1solution.gouv.fr\/contrat-engagement-jeune\">https:\/\/www.1jeune1solution.gouv.fr\/contrat-engagement-jeune<\/a><\/p>\n\n\n\n<p><\/p>\n\n\n\n<figure data-wp-context=\"{&quot;imageId&quot;:&quot;69e0770c2b1f6&quot;}\" data-wp-interactive=\"core\/image\" data-wp-key=\"69e0770c2b1f6\" class=\"wp-block-image size-large wp-lightbox-container\"><img loading=\"lazy\" decoding=\"async\" width=\"724\" height=\"1024\" data-wp-class--hide=\"state.isContentHidden\" data-wp-class--show=\"state.isContentVisible\" data-wp-init=\"callbacks.setButtonStyles\" data-wp-on--click=\"actions.showLightbox\" data-wp-on--load=\"callbacks.setButtonStyles\" data-wp-on-window--resize=\"callbacks.setButtonStyles\" src=\"https:\/\/missionlocale-innovam.fr\/wp-content\/uploads\/2025\/02\/Flyers2025-724x1024.jpg\" alt=\"\" class=\"wp-image-9686\" srcset=\"https:\/\/missionlocale-innovam.fr\/wp-content\/uploads\/2025\/02\/Flyers2025-724x1024.jpg 724w, https:\/\/missionlocale-innovam.fr\/wp-content\/uploads\/2025\/02\/Flyers2025-212x300.jpg 212w, https:\/\/missionlocale-innovam.fr\/wp-content\/uploads\/2025\/02\/Flyers2025-768x1086.jpg 768w, https:\/\/missionlocale-innovam.fr\/wp-content\/uploads\/2025\/02\/Flyers2025-1086x1536.jpg 1086w, https:\/\/missionlocale-innovam.fr\/wp-content\/uploads\/2025\/02\/Flyers2025-1448x2048.jpg 1448w, https:\/\/missionlocale-innovam.fr\/wp-content\/uploads\/2025\/02\/Flyers2025-scaled.jpg 1811w\" sizes=\"auto, (max-width: 724px) 100vw, 724px\" \/><button\n\t\t\tclass=\"lightbox-trigger\"\n\t\t\ttype=\"button\"\n\t\t\taria-haspopup=\"dialog\"\n\t\t\taria-label=\"Agrandir\"\n\t\t\tdata-wp-init=\"callbacks.initTriggerButton\"\n\t\t\tdata-wp-on--click=\"actions.showLightbox\"\n\t\t\tdata-wp-style--right=\"state.imageButtonRight\"\n\t\t\tdata-wp-style--top=\"state.imageButtonTop\"\n\t\t>\n\t\t\t<svg xmlns=\"http:\/\/www.w3.org\/2000\/svg\" width=\"12\" height=\"12\" fill=\"none\" viewBox=\"0 0 12 12\">\n\t\t\t\t<path fill=\"#fff\" d=\"M2 0a2 2 0 0 0-2 2v2h1.5V2a.5.5 0 0 1 .5-.5h2V0H2Zm2 10.5H2a.5.5 0 0 1-.5-.5V8H0v2a2 2 0 0 0 2 2h2v-1.5ZM8 12v-1.5h2a.5.5 0 0 0 .5-.5V8H12v2a2 2 0 0 1-2 2H8Zm2-12a2 2 0 0 1 2 2v2h-1.5V2a.5.5 0 0 0-.5-.5H8V0h2Z\" \/>\n\t\t\t<\/svg>\n\t\t<\/button><\/figure>\n<\/div>\n<\/div>\n","protected":false},"excerpt":{"rendered":"<p>Le Contrat d\u2019Engagement Jeune, tous mobilis\u00e9s ! Le Contrat d\u2019Engagement Jeune s\u2019inscrit dans la continuit\u00e9 du plan \u201c1 jeune, 1 solution\u201d mis en place en juillet 2020, une mobilisation en faveur de l\u2019emploi des jeunes qui a permis \u00e0 pr\u00e8s de 4 millions d\u2019entre eux de trouver une solution : [&hellip;]<\/p>\n","protected":false},"author":1,"featured_media":0,"parent":0,"menu_order":0,"comment_status":"closed","ping_status":"closed","template":"page-with-sidebar","meta":{"_themeisle_gutenberg_block_has_review":false,"footnotes":""},"class_list":["post-6743","page","type-page","status-publish","hentry"],"_links":{"self":[{"href":"https:\/\/missionlocale-innovam.fr\/index.php\/wp-json\/wp\/v2\/pages\/6743","targetHints":{"allow":["GET"]}}],"collection":[{"href":"https:\/\/missionlocale-innovam.fr\/index.php\/wp-json\/wp\/v2\/pages"}],"about":[{"href":"https:\/\/missionlocale-innovam.fr\/index.php\/wp-json\/wp\/v2\/types\/page"}],"author":[{"embeddable":true,"href":"https:\/\/missionlocale-innovam.fr\/index.php\/wp-json\/wp\/v2\/users\/1"}],"replies":[{"embeddable":true,"href":"https:\/\/missionlocale-innovam.fr\/index.php\/wp-json\/wp\/v2\/comments?post=6743"}],"version-history":[{"count":99,"href":"https:\/\/missionlocale-innovam.fr\/index.php\/wp-json\/wp\/v2\/pages\/6743\/revisions"}],"predecessor-version":[{"id":10189,"href":"https:\/\/missionlocale-innovam.fr\/index.php\/wp-json\/wp\/v2\/pages\/6743\/revisions\/10189"}],"wp:attachment":[{"href":"https:\/\/missionlocale-innovam.fr\/index.php\/wp-json\/wp\/v2\/media?parent=6743"}],"curies":[{"name":"wp","href":"https:\/\/api.w.org\/{rel}","templated":true}]}}