{"id":78,"date":"2015-05-11T12:59:28","date_gmt":"2015-05-11T10:59:28","guid":{"rendered":"http:\/\/localhost\/innovam\/?page_id=78"},"modified":"2026-03-03T16:30:29","modified_gmt":"2026-03-03T15:30:29","slug":"parrainage","status":"publish","type":"page","link":"https:\/\/missionlocale-innovam.fr\/index.php\/accesalemploi\/parrainage\/","title":{"rendered":"Le parrainage"},"content":{"rendered":"\n<div style=\"height:20px\" aria-hidden=\"true\" class=\"wp-block-spacer\"><\/div>\n\n\n\n<p class=\"has-purple-color has-text-color has-medium-font-size\"><em><strong>Un r\u00e9el coup de pouce pour trouver un emploi !<\/strong><\/em><\/p>\n\n\n\n<h4 class=\"wp-block-heading has-text-color\" style=\"color:#3b5fa9\"><strong>Le principe<\/strong><\/h4>\n\n\n\n<p><strong>Le dispositif \u00ab Parrainage vers l&#8217;emploi des jeunes \u00bb permet de mettre en relation des jeunes \u00e0 la recherche d&rsquo;un emploi avec des parrains b\u00e9n\u00e9voles poss\u00e9dant une bonne connaissance du monde du travail. Le parrain peut vous guider dans vos d\u00e9marches et faciliter ainsi votre int\u00e9gration dans l&rsquo;entreprise.<\/strong><\/p>\n\n\n\n<p>A la Mission Locale INNOVAM, le parrainage permet chaque ann\u00e9e \u00e0 30 jeunes d&rsquo;\u00eatre accompagn\u00e9s, dans leur parcours d&rsquo;acc\u00e8s \u00e0 l&#8217;emploi, par une personne intervenant b\u00e9n\u00e9volement qui leur fait partager son exp\u00e9rience de l&rsquo;entreprise et ses relations professionnelles.<\/p>\n\n\n\n<p>Le parrain, actif ou retrait\u00e9, en collaboration avec le conseiller r\u00e9f\u00e8rent, vous guide et vous conseille dans vos d\u00e9marches et vous aide \u00e0 prendre conscience de la r\u00e9alit\u00e9 et des exigences du monde l&rsquo;entreprise.<\/p>\n\n\n\n<p><strong>Si vous voulez b\u00e9n\u00e9ficier de cet accompagnement, parlez-en avec votre conseiller.<\/strong><\/p>\n\n\n\n<div style=\"height:10px\" aria-hidden=\"true\" class=\"wp-block-spacer\"><\/div>\n\n\n\n<div class=\"wp-block-columns is-layout-flex wp-container-core-columns-is-layout-28f84493 wp-block-columns-is-layout-flex\">\n<div class=\"wp-block-column is-layout-flow wp-block-column-is-layout-flow\" style=\"flex-basis:66.66%\">\n<h4 class=\"wp-block-heading has-text-color\" style=\"color:#3b5fa9\"><strong>Futurs parrains<\/strong><\/h4>\n\n\n\n<p class=\"has-purple-color has-text-color has-medium-font-size\"><strong><em>La Mission locale recherche r\u00e9guli\u00e8rement de nouveaux parrains !<\/em><\/strong><\/p>\n\n\n\n<p><strong>Si vous souhaitez faire du b\u00e9n\u00e9volat et vivre une exp\u00e9rience enrichissante, parrainez un jeune :<\/strong> en \u00e9troite collaboration avec la Mission Locale, vous le rencontrez de fa\u00e7on r\u00e9guli\u00e8re et le soutenez dans ses d\u00e9marches. Une formation est pr\u00e9vue pour tous les nouveaux parrains.<\/p>\n\n\n\n<p><strong>Renseignements aupr\u00e8s du service emploi de la Mission Locale.<\/strong><\/p>\n<\/div>\n\n\n\n<div class=\"wp-block-column is-layout-flow wp-block-column-is-layout-flow\" style=\"flex-basis:33.33%\">\n<figure class=\"wp-block-image aligncenter size-full is-resized\" id=\"wp-block-themeisle-blocks-image-8e0a66e7\"><a href=\"https:\/\/missionlocale-innovam.fr\/wp-content\/uploads\/2026\/03\/affiche_parrain.pdf\"><img loading=\"lazy\" decoding=\"async\" width=\"1810\" height=\"2560\" src=\"https:\/\/missionlocale-innovam.fr\/wp-content\/uploads\/2026\/03\/affiche_parrain-scaled.jpg\" alt=\"\" class=\"wp-image-10157\" style=\"width:190px\" srcset=\"https:\/\/missionlocale-innovam.fr\/wp-content\/uploads\/2026\/03\/affiche_parrain-scaled.jpg 1810w, https:\/\/missionlocale-innovam.fr\/wp-content\/uploads\/2026\/03\/affiche_parrain-212x300.jpg 212w, https:\/\/missionlocale-innovam.fr\/wp-content\/uploads\/2026\/03\/affiche_parrain-724x1024.jpg 724w, https:\/\/missionlocale-innovam.fr\/wp-content\/uploads\/2026\/03\/affiche_parrain-768x1086.jpg 768w, https:\/\/missionlocale-innovam.fr\/wp-content\/uploads\/2026\/03\/affiche_parrain-1086x1536.jpg 1086w, https:\/\/missionlocale-innovam.fr\/wp-content\/uploads\/2026\/03\/affiche_parrain-1448x2048.jpg 1448w\" sizes=\"auto, (max-width: 1810px) 100vw, 1810px\" \/><\/a><\/figure>\n\n\n\n<p class=\"has-text-align-center has-tiny-font-size\"><a href=\"https:\/\/missionlocale-innovam.fr\/wp-content\/uploads\/2026\/03\/affiche_parrain.pdf\">T\u00e9l\u00e9charger la plaquette<\/a><\/p>\n<\/div>\n<\/div>\n\n\n\n<p><\/p>\n","protected":false},"excerpt":{"rendered":"<p>Un r\u00e9el coup de pouce pour trouver un emploi ! Le principe Le dispositif \u00ab Parrainage vers l&#8217;emploi des jeunes \u00bb permet de mettre en relation des jeunes \u00e0 la recherche d&rsquo;un emploi avec des parrains b\u00e9n\u00e9voles poss\u00e9dant une bonne connaissance du monde du travail. Le parrain peut vous guider [&hellip;]<\/p>\n","protected":false},"author":1,"featured_media":0,"parent":214,"menu_order":0,"comment_status":"closed","ping_status":"closed","template":"page-with-sidebar","meta":{"_themeisle_gutenberg_block_has_review":false,"footnotes":""},"class_list":["post-78","page","type-page","status-publish","hentry"],"_links":{"self":[{"href":"https:\/\/missionlocale-innovam.fr\/index.php\/wp-json\/wp\/v2\/pages\/78","targetHints":{"allow":["GET"]}}],"collection":[{"href":"https:\/\/missionlocale-innovam.fr\/index.php\/wp-json\/wp\/v2\/pages"}],"about":[{"href":"https:\/\/missionlocale-innovam.fr\/index.php\/wp-json\/wp\/v2\/types\/page"}],"author":[{"embeddable":true,"href":"https:\/\/missionlocale-innovam.fr\/index.php\/wp-json\/wp\/v2\/users\/1"}],"replies":[{"embeddable":true,"href":"https:\/\/missionlocale-innovam.fr\/index.php\/wp-json\/wp\/v2\/comments?post=78"}],"version-history":[{"count":27,"href":"https:\/\/missionlocale-innovam.fr\/index.php\/wp-json\/wp\/v2\/pages\/78\/revisions"}],"predecessor-version":[{"id":10169,"href":"https:\/\/missionlocale-innovam.fr\/index.php\/wp-json\/wp\/v2\/pages\/78\/revisions\/10169"}],"up":[{"embeddable":true,"href":"https:\/\/missionlocale-innovam.fr\/index.php\/wp-json\/wp\/v2\/pages\/214"}],"wp:attachment":[{"href":"https:\/\/missionlocale-innovam.fr\/index.php\/wp-json\/wp\/v2\/media?parent=78"}],"curies":[{"name":"wp","href":"https:\/\/api.w.org\/{rel}","templated":true}]}}