{"id":7930,"date":"2023-06-27T11:13:10","date_gmt":"2023-06-27T09:13:10","guid":{"rendered":"https:\/\/missionlocale-innovam.fr\/?page_id=7930"},"modified":"2026-02-24T15:33:22","modified_gmt":"2026-02-24T14:33:22","slug":"comment-sinscrire-2","status":"publish","type":"page","link":"https:\/\/missionlocale-innovam.fr\/index.php\/comment-sinscrire-2\/","title":{"rendered":"Comment s&rsquo;inscrire"},"content":{"rendered":"\n<div id=\"wp-block-themeisle-blocks-advanced-columns-b6d0360e\" class=\"wp-block-themeisle-blocks-advanced-columns has-1-columns has-desktop-equal-layout has-tablet-equal-layout has-mobile-equal-layout has-vertical-unset\"><div class=\"wp-block-themeisle-blocks-advanced-columns-overlay\"><\/div><div class=\"innerblocks-wrap\">\n<div id=\"wp-block-themeisle-blocks-advanced-column-664ba271\" class=\"wp-block-themeisle-blocks-advanced-column\">\n<div class=\"wp-block-columns is-layout-flex wp-container-core-columns-is-layout-28f84493 wp-block-columns-is-layout-flex\">\n<div class=\"wp-block-column is-layout-flow wp-block-column-is-layout-flow\" style=\"flex-basis:100%\">\n<div class=\"wp-block-buttons is-content-justification-left is-layout-flex wp-container-core-buttons-is-layout-fc4fd283 wp-block-buttons-is-layout-flex\">\n<div class=\"wp-block-button\"><a class=\"wp-block-button__link wp-element-button\" href=\"https:\/\/missionlocale-innovam.fr\/index.php\/pre-inscription-a-la-mission-locale-innovam\/\"><strong>Vous pr\u00e9inscrire en ligne<\/strong><\/a><\/div>\n<\/div>\n\n\n\n<div class=\"wp-block-group alignfull page-header is-layout-flow wp-block-group-is-layout-flow\" style=\"margin-top:0px\">\n<div style=\"height:20px\" aria-hidden=\"true\" class=\"wp-block-spacer\"><\/div>\n\n\n\n<p class=\"has-foreground-color has-text-color has-big-font-size\"><strong>Vous habitez : <\/strong><\/p>\n\n\n\n<p class=\"has-text-color has-big-font-size\" style=\"color:#3b5fa9\"><strong>Arcueil, Cachan, Gentilly, le Kremlin-Bic\u00eatre ou Villejuif&nbsp;<\/strong><\/p>\n\n\n\n<div id=\"wp-block-themeisle-blocks-icon-list-0477292f\" class=\"wp-block-themeisle-blocks-icon-list\">\n<div id=\"wp-block-themeisle-blocks-icon-list-item-ed36b80d\" class=\"wp-block-themeisle-blocks-icon-list-item\"><i class=\"fas fa-map-marker-alt wp-block-themeisle-blocks-icon-list-item-icon-custom\"><\/i><p class=\"wp-block-themeisle-blocks-icon-list-item-content-custom\"><strong>La Mission locale INNOVAM vous re\u00e7oit tous les jours sur Rendez-vous<\/strong><\/p><\/div>\n<\/div>\n<\/div>\n\n\n\n<div class=\"wp-block-columns is-layout-flex wp-container-core-columns-is-layout-28f84493 wp-block-columns-is-layout-flex\">\n<div class=\"wp-block-column is-layout-flow wp-block-column-is-layout-flow\">\n<div id=\"wp-block-themeisle-blocks-icon-list-09aeff8b\" class=\"wp-block-themeisle-blocks-icon-list\">\n<div id=\"wp-block-themeisle-blocks-icon-list-item-aa845620\" class=\"wp-block-themeisle-blocks-icon-list-item\"><i class=\"fas fa-phone-alt wp-block-themeisle-blocks-icon-list-item-icon\"><\/i><p class=\"wp-block-themeisle-blocks-icon-list-item-content\"><strong>01 41 98 65 00<\/strong><\/p><\/div>\n<\/div>\n\n\n\n<p class=\"has-medium-font-size\"><strong>19, rue de la Gare  &#8211; B\u00e2t. B1 94230 CACHAN<\/strong><\/p>\n\n\n\n<p><strong>Horaires d&rsquo;ouverture<\/strong><br>Lundi au vendredi : 9h \u2013 12h30 \/ 14h \u2013 17h30<br>Nocturne le mardi jusqu\u2019\u00e0 19h<br>Ferm\u00e9 le jeudi apr\u00e8s-midi<\/p>\n\n\n\n<p><strong>Venir en transports<\/strong><br>RER B : Arr\u00eat Arcueil Cachan<br>Bus : 162, 187, 193, V3, V4 &#8211; Arr\u00eat Cachan RER<\/p>\n<\/div>\n\n\n\n<div class=\"wp-block-column is-layout-flow wp-block-column-is-layout-flow\">\n<figure class=\"wp-block-image size-large is-resized\" id=\"wp-block-themeisle-blocks-image-ea275b39\"><img loading=\"lazy\" decoding=\"async\" width=\"1024\" height=\"683\" src=\"https:\/\/missionlocale-innovam.fr\/wp-content\/uploads\/2026\/02\/yh20251107locauxinnovam-08-1024x683.jpg\" alt=\"\" class=\"wp-image-10051\" style=\"aspect-ratio:1.499273490474653;width:435px;height:auto\" srcset=\"https:\/\/missionlocale-innovam.fr\/wp-content\/uploads\/2026\/02\/yh20251107locauxinnovam-08-1024x683.jpg 1024w, https:\/\/missionlocale-innovam.fr\/wp-content\/uploads\/2026\/02\/yh20251107locauxinnovam-08-300x200.jpg 300w, https:\/\/missionlocale-innovam.fr\/wp-content\/uploads\/2026\/02\/yh20251107locauxinnovam-08-768x512.jpg 768w, https:\/\/missionlocale-innovam.fr\/wp-content\/uploads\/2026\/02\/yh20251107locauxinnovam-08-1536x1024.jpg 1536w, https:\/\/missionlocale-innovam.fr\/wp-content\/uploads\/2026\/02\/yh20251107locauxinnovam-08-2048x1365.jpg 2048w, https:\/\/missionlocale-innovam.fr\/wp-content\/uploads\/2026\/02\/yh20251107locauxinnovam-08-272x182.jpg 272w\" sizes=\"auto, (max-width: 1024px) 100vw, 1024px\" \/><\/figure>\n<\/div>\n<\/div>\n<\/div>\n<\/div>\n<\/div>\n<\/div><\/div>\n\n\n\n<p><\/p>\n\n\n<div style=\"height:350pxpx;\" class=\"wp-block-themeisle-blocks-leaflet-map\" id=\"wp-block-themeisle-blocks-leaflet-map-f54f7bef\"><\/div>\n<script type=\"text\/javascript\">\n\t\/* <![CDATA[ *\/\n\t\tif ( ! window.themeisleLeafletMaps ) window.themeisleLeafletMaps =[];\n\t\twindow.themeisleLeafletMaps.push( { container: \"wp-block-themeisle-blocks-leaflet-map-f54f7bef\", attributes: {\"id\":\"wp-block-themeisle-blocks-leaflet-map-f54f7bef\",\"location\":\"19, rue de la Gare 94230 CACHAN\",\"latitude\":\"48.799316400791525\",\"longitude\":\"2.3155403137207036\",\"bbox\":\"2.2902202606201176,48.79436920956516,2.3408603668212895,48.804263104132126\",\"zoom\":15,\"height\":\"350px\",\"markers\":[{\"id\":\"faae0911-0deb-4522-8006-b6d2765ab603\",\"latitude\":48.800039,\"longitude\":2.327779,\"title\":\"Add a title\",\"description\":\"\",\"location\":\"19, rue de la Gare 94230 CACHAN\"}],\"zoomControl\":true,\"draggable\":true,\"otterConditions\":[]} } );\n\t\/* ]]> *\/\n<\/script>\n","protected":false},"excerpt":{"rendered":"","protected":false},"author":1,"featured_media":0,"parent":0,"menu_order":0,"comment_status":"closed","ping_status":"closed","template":"page-with-sidebar","meta":{"_themeisle_gutenberg_block_has_review":false,"footnotes":""},"class_list":["post-7930","page","type-page","status-publish","hentry"],"_links":{"self":[{"href":"https:\/\/missionlocale-innovam.fr\/index.php\/wp-json\/wp\/v2\/pages\/7930","targetHints":{"allow":["GET"]}}],"collection":[{"href":"https:\/\/missionlocale-innovam.fr\/index.php\/wp-json\/wp\/v2\/pages"}],"about":[{"href":"https:\/\/missionlocale-innovam.fr\/index.php\/wp-json\/wp\/v2\/types\/page"}],"author":[{"embeddable":true,"href":"https:\/\/missionlocale-innovam.fr\/index.php\/wp-json\/wp\/v2\/users\/1"}],"replies":[{"embeddable":true,"href":"https:\/\/missionlocale-innovam.fr\/index.php\/wp-json\/wp\/v2\/comments?post=7930"}],"version-history":[{"count":44,"href":"https:\/\/missionlocale-innovam.fr\/index.php\/wp-json\/wp\/v2\/pages\/7930\/revisions"}],"predecessor-version":[{"id":10141,"href":"https:\/\/missionlocale-innovam.fr\/index.php\/wp-json\/wp\/v2\/pages\/7930\/revisions\/10141"}],"wp:attachment":[{"href":"https:\/\/missionlocale-innovam.fr\/index.php\/wp-json\/wp\/v2\/media?parent=7930"}],"curies":[{"name":"wp","href":"https:\/\/api.w.org\/{rel}","templated":true}]}}