{"id":84,"date":"2015-05-11T13:01:35","date_gmt":"2015-05-11T11:01:35","guid":{"rendered":"http:\/\/localhost\/innovam\/?page_id=84"},"modified":"2026-04-24T09:45:53","modified_gmt":"2026-04-24T07:45:53","slug":"les-ateliers-emploi","status":"publish","type":"page","link":"https:\/\/missionlocale-innovam.fr\/index.php\/accesalemploi\/les-ateliers-emploi\/","title":{"rendered":"Nos ateliers"},"content":{"rendered":"\n<div style=\"height:20px\" aria-hidden=\"true\" class=\"wp-block-spacer\"><\/div>\n\n\n\n<p class=\"has-text-color has-big-font-size\" style=\"color:#3b5fa9\"><strong>Les ateliers mensuels<\/strong><\/p>\n\n\n\n<p class=\"has-text-align-center has-purple-color has-text-color has-big-font-size\"><strong>Nos ateliers de Mai 2026<\/strong><\/p>\n\n\n\n<hr class=\"wp-block-separator has-text-color has-purple-color has-alpha-channel-opacity has-purple-background-color has-background\"\/>\n\n\n<div\n\t\t\t\n\t\t\tclass=\"so-widget-sow-anything-carousel so-widget-sow-anything-carousel-base-a120e5e2d9f1\"\n\t\t\t\n\t\t><div class=\"sow-carousel-title\">\n\t<\/div>\n\n<div class=\"sow-carousel-container \">\n\t\t\t<div class=\"sow-carousel-navigation sow-carousel-navigation-prev \">\n\t\t\t\t\t\t<a href=\"#\" class=\"sow-carousel-previous\" title=\"Pr\u00e9c\u00e9dent\" aria-label=\"Previous Posts\" role=\"button\"><\/a>\n\t\t\t\t\t<\/div>\n\t\t<div class=\"sow-carousel-wrapper\"\n\t\tdata-dir=\"ltr\"\n\t\tstyle=\"opacity: 0;\"\n\t\tdata-widget=\"anything\" data-item_count=\"12\" data-loop=\"\" data-carousel_settings=\"{&quot;loop&quot;:true,&quot;dots&quot;:true,&quot;animation&quot;:&quot;linear&quot;,&quot;animation_speed&quot;:2299,&quot;autoplay&quot;:true,&quot;pauseOnHover&quot;:false,&quot;autoplaySpeed&quot;:5000,&quot;item_overflow&quot;:false,&quot;adaptive_height&quot;:false,&quot;appendDots&quot;:false}\" data-responsive=\"{&quot;desktop_slides_to_scroll&quot;:2,&quot;tablet_landscape_breakpoint&quot;:1366,&quot;tablet_landscape_slides_to_scroll&quot;:3,&quot;tablet_portrait_breakpoint&quot;:1025,&quot;tablet_portrait_slides_to_scroll&quot;:2,&quot;mobile_breakpoint&quot;:480,&quot;mobile_slides_to_scroll&quot;:1,&quot;desktop_slides_to_show&quot;:2,&quot;tablet_landscape_slides_to_show&quot;:3,&quot;tablet_portrait_slides_to_show&quot;:2,&quot;mobile_slides_to_show&quot;:1}\" \t>\n\t\t<div\n\t\t\tclass=\"sow-carousel-items\"\n\t\t\t\t\t>\n\t\t\t\t<div class=\"sow-carousel-item\" tabindex=\"-1\">\n\t\t\t\t\t<h2 class=\"sow-carousel-item-title\">\n\t\t\t\tLundi 4 mai\t\t\t<\/h2>\n\t\t\n\t\t<div class=\"sow-carousel-content\">\n\t\t\t<p style=\"text-align: left\">Atelier \u00ab\u00a0\u00c9ducation aux m\u00e9dias et \u00e0 l&rsquo;information\u2026\u00a0\u00bb \ud83d\udcf0 <strong>\u00e0 14h<\/strong><\/p>\n<p style=\"text-align: left\">\u00a0<\/p>\n\t\t<\/div>\n\t<\/div>\n\t\t<div class=\"sow-carousel-item\" tabindex=\"-1\">\n\t\t\t\t\t<h2 class=\"sow-carousel-item-title\">\n\t\t\t\tMercredi 6 mai\t\t\t<\/h2>\n\t\t\n\t\t<div class=\"sow-carousel-content\">\n\t\t\t<p>Atelier \u00ab\u00a0travailler sans se cramer\u00a0\u00bb \ud83d\udcbc \u00e0\u00a0<strong>10h<\/strong><\/p>\n<p>Atelier \u00ab\u00a0IA\u00a0\u00bb \ud83e\udd16 \u00e0\u00a0<strong>14h<\/strong><\/p>\n\t\t<\/div>\n\t<\/div>\n\t\t<div class=\"sow-carousel-item\" tabindex=\"-1\">\n\t\t\t\t\t<h2 class=\"sow-carousel-item-title\">\n\t\t\t\tJeudi 7 mai\t\t\t<\/h2>\n\t\t\n\t\t<div class=\"sow-carousel-content\">\n\t\t\t<p>Atelier \u00ab\u00a0pr\u00e9vention sant\u00e9 : TCA compr\u00e9hension\u00a0\u00bb \ud83e\ude7a \u00e0\u00a0<strong>10h<\/strong><\/p>\n\t\t<\/div>\n\t<\/div>\n\t\t<div class=\"sow-carousel-item\" tabindex=\"-1\">\n\t\t\t\t\t<h2 class=\"sow-carousel-item-title\">\n\t\t\t\tLundi 11 mai\t\t\t<\/h2>\n\t\t\n\t\t<div class=\"sow-carousel-content\">\n\t\t\t<p>Atelier \u00ab\u00a0sophrologie\u00a0\u00bb\ud83e\udde0 \u00e0\u00a0<strong>14h<\/strong><\/p>\n\t\t<\/div>\n\t<\/div>\n\t\t<div class=\"sow-carousel-item\" tabindex=\"-1\">\n\t\t\t\t\t<h2 class=\"sow-carousel-item-title\">\n\t\t\t\tMardi 12 mai\t\t\t<\/h2>\n\t\t\n\t\t<div class=\"sow-carousel-content\">\n\t\t\t<p>Atelier \u00ab\u00a0Communication\u00a0\u00bb \ud83d\udde3\ufe0f \u00e0\u00a0<strong>9h30<\/strong><\/p>\n\t\t<\/div>\n\t<\/div>\n\t\t<div class=\"sow-carousel-item\" tabindex=\"-1\">\n\t\t\t\t\t<h2 class=\"sow-carousel-item-title\">\n\t\t\t\tMardi 12 mai\t\t\t<\/h2>\n\t\t\n\t\t<div class=\"sow-carousel-content\">\n\t\t\t<p>\u00a0Atelier \u00ab\u00a0Wimow Mobilit\u00e9\u00a0\u00bb \ud83d\ude97 \u00e0\u00a0<strong>14h<\/strong><\/p>\n\t\t<\/div>\n\t<\/div>\n\t\t<div class=\"sow-carousel-item\" tabindex=\"-1\">\n\t\t\t\t\t<h2 class=\"sow-carousel-item-title\">\n\t\t\t\tMercredi 13 mai\t\t\t<\/h2>\n\t\t\n\t\t<div class=\"sow-carousel-content\">\n\t\t\t<p>Atelier \u00ab\u00a0simulation d\u2019entretien\u00a0\u00bb \ud83c\udfa4 \u00e0\u00a0<strong>14h<\/strong><\/p>\n<p>\u00a0Atelier \u00ab\u00a0pr\u00e9vention sant\u00e9 : bien-\u00eatre physique\u2026\u00a0\u00bb \ud83e\ude7a \u00e0\u00a0<strong>14h<\/strong><\/p>\n\t\t<\/div>\n\t<\/div>\n\t\t<div class=\"sow-carousel-item\" tabindex=\"-1\">\n\t\t\t\t\t<h2 class=\"sow-carousel-item-title\">\n\t\t\t\tJeudi 21 mai \t\t\t<\/h2>\n\t\t\n\t\t<div class=\"sow-carousel-content\">\n\t\t\t<p>Atelier \u00ab\u00a0Prospection\u00a0\u00bb \ud83d\udcde \u00e0\u00a0<strong>9h30<\/strong><\/p>\n<p>\u00a0Atelier \u00ab\u00a0Logement\u00a0\u00bb \ud83c\udfe0 \u00e0\u00a0<strong>10h<\/strong><\/p>\n\t\t<\/div>\n\t<\/div>\n\t\t<div class=\"sow-carousel-item\" tabindex=\"-1\">\n\t\t\t\t\t<h2 class=\"sow-carousel-item-title\">\n\t\t\t\tVendredi 22 mai\t\t\t<\/h2>\n\t\t\n\t\t<div class=\"sow-carousel-content\">\n\t\t\t<p>Atelier \u00ab\u00a0sant\u00e9 mentale\u00a0\u00bb \ud83e\udde0 \u00e0\u00a0<strong>10h<\/strong><\/p>\n\t\t<\/div>\n\t<\/div>\n\t\t<div class=\"sow-carousel-item\" tabindex=\"-1\">\n\t\t\t\t\t<h2 class=\"sow-carousel-item-title\">\n\t\t\t\tMardi 26 mai\t\t\t<\/h2>\n\t\t\n\t\t<div class=\"sow-carousel-content\">\n\t\t\t<p>\u00a0Atelier \u00ab\u00a0Comp\u00e9tences\u00a0\u00bb \ud83d\udee0\ufe0f \u00e0\u00a0<strong>9h30<\/strong><\/p>\n\t\t<\/div>\n\t<\/div>\n\t\t<div class=\"sow-carousel-item\" tabindex=\"-1\">\n\t\t\t\t\t<h2 class=\"sow-carousel-item-title\">\n\t\t\t\tMercredi 27 mai\t\t\t<\/h2>\n\t\t\n\t\t<div class=\"sow-carousel-content\">\n\t\t\t<p>Atelier \u00ab\u00a0droit du travail\u00a0\u00bb \u2696\ufe0f \u00e0\u00a0<strong>9h30<\/strong><\/p>\n<p>\u00a0Atelier \u00ab\u00a0Organiser sa recherche d&#8217;emploi\u00a0\u00bb \ud83d\udd0e \u00e0\u00a0<strong>14h<\/strong><\/p>\n\t\t<\/div>\n\t<\/div>\n\t\t<div class=\"sow-carousel-item\" tabindex=\"-1\">\n\t\t\t\t\t<h2 class=\"sow-carousel-item-title\">\n\t\t\t\tJeudi 28 mai\t\t\t<\/h2>\n\t\t\n\t\t<div class=\"sow-carousel-content\">\n\t\t\t<p>Atelier \u00ab\u00a0pr\u00e9vention sant\u00e9 : addictions \u00a0\u00bb \ud83e\ude7a \u00e0 <strong>10h<\/strong><\/p>\n\t\t<\/div>\n\t<\/div>\n\t\t\t<\/div>\n\t\t\t<\/div>\n\n\t\t\t<div class=\"sow-carousel-navigation sow-carousel-navigation-next \">\n\t\t\t\t\t\t<a href=\"#\" class=\"sow-carousel-next\" title=\"Suivant\" aria-label=\"Next Posts\" role=\"button\"><\/a>\n\t\t\t\t\t<\/div>\n\t<\/div>\n<\/div>\n\n\n<div style=\"height:0px\" aria-hidden=\"true\" class=\"wp-block-spacer\"><\/div>\n\n\n\n<p class=\"has-text-align-center has-small-font-size\"><em>Vous souhaitez participer \u00e0 un de nos ateliers, parlez en \u00e0 votre conseiller !<\/em><\/p>\n\n\n\n<hr class=\"wp-block-separator has-text-color has-purple-color has-alpha-channel-opacity has-purple-background-color has-background\"\/>\n\n\n\n<h4 class=\"wp-block-heading has-text-color has-big-font-size\" style=\"color:#3b5fa9\"><strong>Les ateliers permanents<\/strong><\/h4>\n\n\n\n<p>un accompagnement et un suivi dans vos d\u00e9marches d\u2019acc\u00e8s \u00e0 l\u2019emploi :&nbsp;CV, lettre de motivation, pr\u00e9paration \u00e0 l\u2019entretien, adapt\u00e9 \u00e0 votre situation assur\u00e9 par l\u2019\u00e9quipe du service emploi.<\/p>\n\n\n\n<h4 class=\"wp-block-heading has-text-align-center has-purple-color has-text-color\"><strong>Les Espaces de Recherche d\u2019Emploi (ERE)&nbsp;<\/strong><\/h4>\n\n\n\n<p class=\"has-text-align-center has-extra-small-font-size\">Vous avez un projet professionnel d\u00e9fini et vos CV et lettre de motivation sont pr\u00eats :<\/p>\n\n\n\n<div class=\"wp-block-group alignfull is-layout-flow wp-block-group-is-layout-flow\">\n<div class=\"wp-block-columns is-layout-flex wp-container-core-columns-is-layout-28f84493 wp-block-columns-is-layout-flex\">\n<div class=\"wp-block-column is-layout-flow wp-block-column-is-layout-flow\">\n<div class=\"wp-block-group is-layout-constrained wp-container-core-group-is-layout-da70f3a0 wp-block-group-is-layout-constrained\">\n<p class=\"has-text-align-center has-text-color has-link-color has-small-font-size wp-elements-9789018c1cf653669526ef0ac9ca95c0\" style=\"color:#3b5fa9\"><strong>Lundi, mercredi \u00e0 9h30<\/strong><\/p>\n\n\n\n<p class=\"has-text-align-center has-text-color has-link-color has-small-font-size wp-elements-156423b2dd2bde2c8795b524c3156d19\" style=\"color:#3b5fa9\"><strong>et le<\/strong> <strong>Mardi \u00e0 14 h<\/strong><\/p>\n\n\n\n<p class=\"has-text-align-center has-tiny-font-size\"><em>Inscription aupr\u00e8s de votre conseiller<\/em><\/p>\n<\/div>\n<\/div>\n<\/div>\n<\/div>\n\n\n\n<div class=\"wp-block-columns is-layout-flex wp-container-core-columns-is-layout-28f84493 wp-block-columns-is-layout-flex\">\n<div class=\"wp-block-column is-layout-flow wp-block-column-is-layout-flow\" style=\"flex-basis:100%\">\n<div id=\"wp-block-themeisle-blocks-slider-4a9f583c\" class=\"wp-block-themeisle-blocks-slider glide\" data-per-view=\"1\" data-gap=\"0\" data-peek=\"0\" data-autoplay=\"true\" data-height=\"300px\" data-hide-arrows=\"false\"><div class=\"glide__track\" data-glide-el=\"track\"><div class=\"glide__slides\"><div class=\"wp-block-themeisle-blocks-slider-item-wrapper glide__slide\" tabindex=\"0\"><figure><img decoding=\"async\" class=\"wp-block-themeisle-blocks-slider-item\" src=\"https:\/\/missionlocale-innovam.fr\/wp-content\/uploads\/2026\/02\/photo-groupe-entier.jpeg\" alt=\"\" title=\"\" data-id=\"10132\"\/><\/figure><\/div><div class=\"wp-block-themeisle-blocks-slider-item-wrapper glide__slide\" tabindex=\"0\"><figure><img decoding=\"async\" class=\"wp-block-themeisle-blocks-slider-item\" src=\"https:\/\/missionlocale-innovam.fr\/wp-content\/uploads\/2026\/02\/PHOTO-ATELIER-ECOLO-scaled.jpg\" alt=\"\" title=\"\" data-id=\"10129\"\/><\/figure><\/div><div class=\"wp-block-themeisle-blocks-slider-item-wrapper glide__slide\" tabindex=\"0\"><figure><img decoding=\"async\" class=\"wp-block-themeisle-blocks-slider-item\" src=\"https:\/\/missionlocale-innovam.fr\/wp-content\/uploads\/2026\/02\/AFORP-2-scaled.jpg\" alt=\"\" title=\"\" data-id=\"10127\"\/><\/figure><\/div><div class=\"wp-block-themeisle-blocks-slider-item-wrapper glide__slide\" tabindex=\"0\"><figure><img decoding=\"async\" class=\"wp-block-themeisle-blocks-slider-item\" src=\"https:\/\/missionlocale-innovam.fr\/wp-content\/uploads\/2026\/02\/THEATRE-CACHAN-230625-1-scaled.jpg\" alt=\"\" title=\"\" data-id=\"10130\"\/><\/figure><\/div><div class=\"wp-block-themeisle-blocks-slider-item-wrapper glide__slide\" tabindex=\"0\"><figure><img decoding=\"async\" class=\"wp-block-themeisle-blocks-slider-item\" src=\"https:\/\/missionlocale-innovam.fr\/wp-content\/uploads\/2026\/02\/THEATRE-CACHAN-230625-3-scaled.jpg\" alt=\"\" title=\"\" data-id=\"10131\"\/><\/figure><\/div><div class=\"wp-block-themeisle-blocks-slider-item-wrapper glide__slide\" tabindex=\"0\"><figure><img decoding=\"async\" class=\"wp-block-themeisle-blocks-slider-item\" src=\"https:\/\/missionlocale-innovam.fr\/wp-content\/uploads\/2026\/02\/Innfo-coll-sept-25-scaled.jpg\" alt=\"\" title=\"\" data-id=\"10128\"\/><\/figure><\/div><div class=\"wp-block-themeisle-blocks-slider-item-wrapper glide__slide\" tabindex=\"0\"><figure><img decoding=\"async\" class=\"wp-block-themeisle-blocks-slider-item\" src=\"https:\/\/missionlocale-innovam.fr\/wp-content\/uploads\/2024\/11\/J3-groupe-sport-scaled.jpg\" alt=\"\" title=\"\" data-id=\"9596\"\/><\/figure><\/div><div class=\"wp-block-themeisle-blocks-slider-item-wrapper glide__slide\" tabindex=\"0\"><figure><img decoding=\"async\" class=\"wp-block-themeisle-blocks-slider-item\" src=\"https:\/\/missionlocale-innovam.fr\/wp-content\/uploads\/2026\/02\/yh20251107locauxinnovam-28-scaled.jpg\" alt=\"\" title=\"\" data-id=\"10135\"\/><\/figure><\/div><div class=\"wp-block-themeisle-blocks-slider-item-wrapper glide__slide\" tabindex=\"0\"><figure><img decoding=\"async\" class=\"wp-block-themeisle-blocks-slider-item\" src=\"https:\/\/missionlocale-innovam.fr\/wp-content\/uploads\/2026\/02\/AFORP-1-scaled.jpg\" alt=\"\" title=\"\" data-id=\"10136\"\/><\/figure><\/div><\/div><div class=\"glide__bullets\" data-glide-el=\"controls[nav]\"><button class=\"glide__bullet\" data-glide-dir=\"=0\"><\/button><button class=\"glide__bullet\" data-glide-dir=\"=1\"><\/button><button class=\"glide__bullet\" data-glide-dir=\"=2\"><\/button><button class=\"glide__bullet\" data-glide-dir=\"=3\"><\/button><button class=\"glide__bullet\" data-glide-dir=\"=4\"><\/button><button class=\"glide__bullet\" data-glide-dir=\"=5\"><\/button><button class=\"glide__bullet\" data-glide-dir=\"=6\"><\/button><button class=\"glide__bullet\" data-glide-dir=\"=7\"><\/button><button class=\"glide__bullet\" data-glide-dir=\"=8\"><\/button><\/div><\/div><\/div>\n<\/div>\n<\/div>\n","protected":false},"excerpt":{"rendered":"<p>Les ateliers mensuels Nos ateliers de Mai 2026 Vous souhaitez participer \u00e0 un de nos ateliers, parlez en \u00e0 votre conseiller ! Les ateliers permanents un accompagnement et un suivi dans vos d\u00e9marches d\u2019acc\u00e8s \u00e0 l\u2019emploi :&nbsp;CV, lettre de motivation, pr\u00e9paration \u00e0 l\u2019entretien, adapt\u00e9 \u00e0 votre situation assur\u00e9 par l\u2019\u00e9quipe [&hellip;]<\/p>\n","protected":false},"author":1,"featured_media":0,"parent":214,"menu_order":0,"comment_status":"closed","ping_status":"closed","template":"page-with-sidebar","meta":{"_themeisle_gutenberg_block_has_review":false,"footnotes":""},"class_list":["post-84","page","type-page","status-publish","hentry"],"_links":{"self":[{"href":"https:\/\/missionlocale-innovam.fr\/index.php\/wp-json\/wp\/v2\/pages\/84","targetHints":{"allow":["GET"]}}],"collection":[{"href":"https:\/\/missionlocale-innovam.fr\/index.php\/wp-json\/wp\/v2\/pages"}],"about":[{"href":"https:\/\/missionlocale-innovam.fr\/index.php\/wp-json\/wp\/v2\/types\/page"}],"author":[{"embeddable":true,"href":"https:\/\/missionlocale-innovam.fr\/index.php\/wp-json\/wp\/v2\/users\/1"}],"replies":[{"embeddable":true,"href":"https:\/\/missionlocale-innovam.fr\/index.php\/wp-json\/wp\/v2\/comments?post=84"}],"version-history":[{"count":316,"href":"https:\/\/missionlocale-innovam.fr\/index.php\/wp-json\/wp\/v2\/pages\/84\/revisions"}],"predecessor-version":[{"id":10210,"href":"https:\/\/missionlocale-innovam.fr\/index.php\/wp-json\/wp\/v2\/pages\/84\/revisions\/10210"}],"up":[{"embeddable":true,"href":"https:\/\/missionlocale-innovam.fr\/index.php\/wp-json\/wp\/v2\/pages\/214"}],"wp:attachment":[{"href":"https:\/\/missionlocale-innovam.fr\/index.php\/wp-json\/wp\/v2\/media?parent=84"}],"curies":[{"name":"wp","href":"https:\/\/api.w.org\/{rel}","templated":true}]}}