{"id":87,"date":"2015-05-11T13:04:21","date_gmt":"2015-05-11T11:04:21","guid":{"rendered":"http:\/\/localhost\/innovam\/?page_id=87"},"modified":"2026-03-03T16:38:45","modified_gmt":"2026-03-03T15:38:45","slug":"services-rendus-aux-entreprises","status":"publish","type":"page","link":"https:\/\/missionlocale-innovam.fr\/index.php\/accesalemploi\/services-rendus-aux-entreprises\/","title":{"rendered":"Services aux entreprises"},"content":{"rendered":"\n<div style=\"height:20px\" aria-hidden=\"true\" class=\"wp-block-spacer\"><\/div>\n\n\n\n<div class=\"wp-block-columns is-layout-flex wp-container-core-columns-is-layout-28f84493 wp-block-columns-is-layout-flex\">\n<div class=\"wp-block-column is-layout-flow wp-block-column-is-layout-flow\" style=\"flex-basis:66.66%\">\n<h2 class=\"wp-block-heading has-text-color has-large-font-size\" style=\"color:#01b6c9\">Service Emploi, nos services rendus aux entreprises<\/h2>\n<\/div>\n\n\n\n<div class=\"wp-block-column is-layout-flow wp-block-column-is-layout-flow\" style=\"flex-basis:33.33%\">\n<figure class=\"wp-block-image alignright size-full is-resized\"><img loading=\"lazy\" decoding=\"async\" width=\"262\" height=\"91\" src=\"https:\/\/missionlocale-innovam.fr\/wp-content\/uploads\/2015\/05\/Logo-SE-1-1.png\" alt=\"\" class=\"wp-image-2303\" style=\"width:239px;height:83px\"\/><\/figure>\n<\/div>\n<\/div>\n\n\n\n<div style=\"height:5px\" aria-hidden=\"true\" class=\"wp-block-spacer\"><\/div>\n\n\n\n<p class=\"has-text-color\" style=\"color:#3b5fa9\"><strong>Analyse de vos besoins<\/strong><\/p>\n\n\n\n<p><strong>Nous vous conseillons et aidons \u00e0 d\u00e9finir le profil des candidats recherch\u00e9s<\/strong> ainsi que les modalit\u00e9s de pr\u00e9s\u00e9lection des candidatures.<\/p>\n\n\n\n<p>Nous vous informons et conseillons sur <strong>les dispositifs d\u2019embauche des jeunes.<\/strong><\/p>\n\n\n\n<p>Nous vous renseignons et vous pr\u00e9cisons les conditions d\u2019attribution de la mesure ou de l\u2019aide \u00e0 l&#8217;embauche la plus adapt\u00e9e.<\/p>\n\n\n\n<div style=\"height:5px\" aria-hidden=\"true\" class=\"wp-block-spacer\"><\/div>\n\n\n\n<p class=\"has-text-color\" style=\"color:#3b5fa9\"><strong>Pr\u00e9s\u00e9lection de candidats<\/strong><\/p>\n\n\n\n<p>Nous effectuons <strong>une pr\u00e9s\u00e9lection \u00e0 partir des crit\u00e8res<\/strong> que nous avons d\u00e9termin\u00e9s ensemble.<\/p>\n\n\n\n<p>Cette pr\u00e9-s\u00e9lection peut se faire en individuel lors d\u2019entretiens de positionnement ou lors de journ\u00e9es de recrutements (informations collectives)<\/p>\n\n\n\n<div style=\"height:5px\" aria-hidden=\"true\" class=\"wp-block-spacer\"><\/div>\n\n\n\n<div class=\"wp-block-columns is-layout-flex wp-container-core-columns-is-layout-28f84493 wp-block-columns-is-layout-flex\">\n<div class=\"wp-block-column is-layout-flow wp-block-column-is-layout-flow\" style=\"flex-basis:66.66%\">\n<p class=\"has-text-color\" style=\"color:#3b5fa9\"><strong>R\u00e9activit\u00e9<\/strong><\/p>\n\n\n\n<p>Gr\u00e2ce \u00e0 notre base de donn\u00e9es et CVth\u00e8que, nous sommes en mesure de <strong>vous proposer rapidement des candidatures valid\u00e9es.<\/strong><\/p>\n<\/div>\n\n\n\n<div class=\"wp-block-column is-layout-flow wp-block-column-is-layout-flow\" style=\"flex-basis:33.33%\">\n<figure class=\"wp-block-image aligncenter size-large is-resized\" id=\"wp-block-themeisle-blocks-image-c10f2ae3\"><a href=\"https:\/\/missionlocale-innovam.fr\/wp-content\/uploads\/2026\/03\/PLAQUETTE-SERVICE-EMPLOI-rvb-vdef.pdf\"><img loading=\"lazy\" decoding=\"async\" width=\"1024\" height=\"722\" src=\"https:\/\/missionlocale-innovam.fr\/wp-content\/uploads\/2026\/03\/PLAQUETTE-SERVICE-EMPLOI-vdef-1024x722.jpg\" alt=\"\" class=\"wp-image-10149\" style=\"width:250px\" srcset=\"https:\/\/missionlocale-innovam.fr\/wp-content\/uploads\/2026\/03\/PLAQUETTE-SERVICE-EMPLOI-vdef-1024x722.jpg 1024w, https:\/\/missionlocale-innovam.fr\/wp-content\/uploads\/2026\/03\/PLAQUETTE-SERVICE-EMPLOI-vdef-300x211.jpg 300w, https:\/\/missionlocale-innovam.fr\/wp-content\/uploads\/2026\/03\/PLAQUETTE-SERVICE-EMPLOI-vdef-768x541.jpg 768w, https:\/\/missionlocale-innovam.fr\/wp-content\/uploads\/2026\/03\/PLAQUETTE-SERVICE-EMPLOI-vdef-1536x1083.jpg 1536w, https:\/\/missionlocale-innovam.fr\/wp-content\/uploads\/2026\/03\/PLAQUETTE-SERVICE-EMPLOI-vdef-2048x1444.jpg 2048w\" sizes=\"auto, (max-width: 1024px) 100vw, 1024px\" \/><\/a><\/figure>\n\n\n\n<p class=\"has-text-align-center has-tiny-font-size\"><a href=\"https:\/\/missionlocale-innovam.fr\/wp-content\/uploads\/2026\/03\/PLAQUETTE-SERVICE-EMPLOI-rvb-vdef.pdf\">T\u00e9l\u00e9charger la plaquette<\/a><\/p>\n<\/div>\n<\/div>\n\n\n\n<p><\/p>\n","protected":false},"excerpt":{"rendered":"<p>Service Emploi, nos services rendus aux entreprises Analyse de vos besoins Nous vous conseillons et aidons \u00e0 d\u00e9finir le profil des candidats recherch\u00e9s ainsi que les modalit\u00e9s de pr\u00e9s\u00e9lection des candidatures. Nous vous informons et conseillons sur les dispositifs d\u2019embauche des jeunes. Nous vous renseignons et vous pr\u00e9cisons les conditions [&hellip;]<\/p>\n","protected":false},"author":1,"featured_media":0,"parent":214,"menu_order":0,"comment_status":"closed","ping_status":"closed","template":"page-with-sidebar","meta":{"_themeisle_gutenberg_block_has_review":false,"footnotes":""},"class_list":["post-87","page","type-page","status-publish","hentry"],"_links":{"self":[{"href":"https:\/\/missionlocale-innovam.fr\/index.php\/wp-json\/wp\/v2\/pages\/87","targetHints":{"allow":["GET"]}}],"collection":[{"href":"https:\/\/missionlocale-innovam.fr\/index.php\/wp-json\/wp\/v2\/pages"}],"about":[{"href":"https:\/\/missionlocale-innovam.fr\/index.php\/wp-json\/wp\/v2\/types\/page"}],"author":[{"embeddable":true,"href":"https:\/\/missionlocale-innovam.fr\/index.php\/wp-json\/wp\/v2\/users\/1"}],"replies":[{"embeddable":true,"href":"https:\/\/missionlocale-innovam.fr\/index.php\/wp-json\/wp\/v2\/comments?post=87"}],"version-history":[{"count":29,"href":"https:\/\/missionlocale-innovam.fr\/index.php\/wp-json\/wp\/v2\/pages\/87\/revisions"}],"predecessor-version":[{"id":10180,"href":"https:\/\/missionlocale-innovam.fr\/index.php\/wp-json\/wp\/v2\/pages\/87\/revisions\/10180"}],"up":[{"embeddable":true,"href":"https:\/\/missionlocale-innovam.fr\/index.php\/wp-json\/wp\/v2\/pages\/214"}],"wp:attachment":[{"href":"https:\/\/missionlocale-innovam.fr\/index.php\/wp-json\/wp\/v2\/media?parent=87"}],"curies":[{"name":"wp","href":"https:\/\/api.w.org\/{rel}","templated":true}]}}