{"id":9425,"date":"2024-08-08T10:36:53","date_gmt":"2024-08-08T08:36:53","guid":{"rendered":"https:\/\/missionlocale-innovam.fr\/?page_id=9425"},"modified":"2026-02-04T09:30:22","modified_gmt":"2026-02-04T08:30:22","slug":"culture","status":"publish","type":"page","link":"https:\/\/missionlocale-innovam.fr\/index.php\/culture\/","title":{"rendered":"L&rsquo;acc\u00e8s \u00e0 la culture"},"content":{"rendered":"\n<p>Depuis 2023, la Mission Locale a d\u00e9velopp\u00e9 l\u2019acc\u00e8s \u00e0 la culture aupr\u00e8s des jeunes accompagn\u00e9s.<br>La culture \u00e9tant un moyen de se socialiser, de se d\u00e9tendre et d\u2019oublier temporairement les difficult\u00e9s sociales, la Mission Locale a pour mission de faire d\u00e9couvrir aux jeunes des lieux culturels en Ile-de-France.<\/p>\n\n\n\n<p><\/p>\n\n\n\n<p class=\"has-text-color has-link-color wp-elements-21e95570dfe9fb8791cce61b58cc5a79\" style=\"color:#01b6c9\"><br><mark style=\"background-color:rgba(0, 0, 0, 0)\" class=\"has-inline-color has-primary-color\"><strong>En collectif &nbsp;:<\/strong><\/mark><\/p>\n\n\n\n<p><br>Des sorties culturelles collectives sont organis\u00e9es par la mission locale environ tous les 2 mois.<br>Ainsi, la mission locale a organis\u00e9 par le pass\u00e9 les sorties suivantes&nbsp;: Exposition Street Art \u00e0 l\u2019h\u00f4tel de Ville de Paris, visite du mus\u00e9e du Louvre, visite du mus\u00e9e de l\u2019Immigration, visite de La Galerie Dior, visite de l\u2019Assembl\u00e9e nationale, balade \u00e0 cheval\u2026<\/p>\n\n\n\n<div style=\"height:12px\" aria-hidden=\"true\" class=\"wp-block-spacer\"><\/div>\n\n\n\n<div id=\"wp-block-themeisle-blocks-slider-6c5e3b8e\" class=\"wp-block-themeisle-blocks-slider glide\" data-per-view=\"1\" data-gap=\"0\" data-peek=\"0\" data-autoplay=\"true\" data-height=\"400px\" data-hide-arrows=\"false\"><div class=\"glide__track\" data-glide-el=\"track\"><div class=\"glide__slides\"><div class=\"wp-block-themeisle-blocks-slider-item-wrapper glide__slide\" tabindex=\"0\"><figure><img decoding=\"async\" class=\"wp-block-themeisle-blocks-slider-item\" src=\"https:\/\/missionlocale-innovam.fr\/wp-content\/uploads\/2024\/09\/IMG-20240927-WA0002.jpg\" alt=\"\" title=\"\" data-id=\"9521\"\/><\/figure><\/div><div class=\"wp-block-themeisle-blocks-slider-item-wrapper glide__slide\" tabindex=\"0\"><figure><img decoding=\"async\" class=\"wp-block-themeisle-blocks-slider-item\" src=\"https:\/\/missionlocale-innovam.fr\/wp-content\/uploads\/2024\/09\/IMG-20240927-WA0032.jpg\" alt=\"\" title=\"\" data-id=\"9523\"\/><\/figure><\/div><div class=\"wp-block-themeisle-blocks-slider-item-wrapper glide__slide\" tabindex=\"0\"><figure><img decoding=\"async\" class=\"wp-block-themeisle-blocks-slider-item\" src=\"https:\/\/missionlocale-innovam.fr\/wp-content\/uploads\/2024\/11\/J3-groupe-sport-1-scaled.jpg\" alt=\"\" title=\"\" data-id=\"9597\"\/><\/figure><\/div><div class=\"wp-block-themeisle-blocks-slider-item-wrapper glide__slide\" tabindex=\"0\"><figure><img decoding=\"async\" class=\"wp-block-themeisle-blocks-slider-item\" src=\"https:\/\/missionlocale-innovam.fr\/wp-content\/uploads\/2024\/08\/Dior-1.png\" alt=\"\" title=\"\" data-id=\"9439\"\/><\/figure><\/div><div class=\"wp-block-themeisle-blocks-slider-item-wrapper glide__slide\" tabindex=\"0\"><figure><img decoding=\"async\" class=\"wp-block-themeisle-blocks-slider-item\" src=\"https:\/\/missionlocale-innovam.fr\/wp-content\/uploads\/2024\/08\/1000005451-2-scaled.jpg\" alt=\"\" title=\"\" data-id=\"9444\"\/><\/figure><\/div><div class=\"wp-block-themeisle-blocks-slider-item-wrapper glide__slide\" tabindex=\"0\"><figure><img decoding=\"async\" class=\"wp-block-themeisle-blocks-slider-item\" src=\"https:\/\/missionlocale-innovam.fr\/wp-content\/uploads\/2024\/08\/20240614_112433-2-scaled.jpg\" alt=\"\" title=\"\" data-id=\"9440\"\/><\/figure><\/div><div class=\"wp-block-themeisle-blocks-slider-item-wrapper glide__slide\" tabindex=\"0\"><figure><img decoding=\"async\" class=\"wp-block-themeisle-blocks-slider-item\" src=\"https:\/\/missionlocale-innovam.fr\/wp-content\/uploads\/2024\/08\/PARVIS-3-2-scaled.jpg\" alt=\"\" title=\"\" data-id=\"9445\"\/><\/figure><\/div><div class=\"wp-block-themeisle-blocks-slider-item-wrapper glide__slide\" tabindex=\"0\"><figure><img decoding=\"async\" class=\"wp-block-themeisle-blocks-slider-item\" src=\"https:\/\/missionlocale-innovam.fr\/wp-content\/uploads\/2024\/08\/20230531_151006-scaled.jpg\" alt=\"\" title=\"\" data-id=\"9446\"\/><\/figure><\/div><\/div><div class=\"glide__bullets\" data-glide-el=\"controls[nav]\"><button class=\"glide__bullet\" data-glide-dir=\"=0\"><\/button><button class=\"glide__bullet\" data-glide-dir=\"=1\"><\/button><button class=\"glide__bullet\" data-glide-dir=\"=2\"><\/button><button class=\"glide__bullet\" data-glide-dir=\"=3\"><\/button><button class=\"glide__bullet\" data-glide-dir=\"=4\"><\/button><button class=\"glide__bullet\" data-glide-dir=\"=5\"><\/button><button class=\"glide__bullet\" data-glide-dir=\"=6\"><\/button><button class=\"glide__bullet\" data-glide-dir=\"=7\"><\/button><\/div><\/div><\/div>\n\n\n\n<p><br><mark style=\"background-color:rgba(0, 0, 0, 0)\" class=\"has-inline-color has-primary-color\"><strong>En individuel &nbsp;:<\/strong><\/mark><\/p>\n\n\n\n<p><br>Depuis mars 2024, la Mission Locale INNOVAM adh\u00e8re \u00e0 l\u2019association Culture du C\u0153ur qui vise \u00e0 promouvoir l\u2019acc\u00e8s \u00e0 la culture aupr\u00e8s des publics connus des structures d\u2019accompagnement.<br>Culture du c\u0153ur propose des places gratuites pour des \u00e9v\u00e8nements dans chaque d\u00e9partement d\u2019Ile de France tels que&nbsp;:<\/p>\n\n\n\n<p><strong>Concert, th\u00e9\u00e2tre, cin\u00e9ma, piscine, patinoire, mus\u00e9e, expositions, Escape Game, visite de monument historique et autres.<\/strong><\/p>\n\n\n\n<div class=\"wp-block-columns is-layout-flex wp-container-core-columns-is-layout-28f84493 wp-block-columns-is-layout-flex\">\n<div class=\"wp-block-column is-layout-flow wp-block-column-is-layout-flow\" style=\"flex-basis:66.66%\">\n<p>Pour connaitre les \u00e9v\u00e8nements disponibles en ce moment, voici la marche \u00e0 suivre&nbsp;:<br>Cliquer sur le lien ci-dessous, entrer les identifiants de consultation et aller dans \u00ab&nbsp;Tous les \u00e9v\u00e8nements&nbsp;\u00bb : <a href=\"https:\/\/www.culturesducoeur.org\/Auth\/\"><mark style=\"background-color:rgba(0, 0, 0, 0)\" class=\"has-inline-color has-primary-color\">https:\/\/www.culturesducoeur.org\/Auth\/<\/mark><\/a><\/p>\n\n\n\n<p><br><strong>Login :<\/strong> consultation<\/p>\n\n\n\n<p><strong>Mot de passe :<\/strong> consultation<\/p>\n\n\n\n<p><br>Pour conna\u00eetre les prochaines sorties collectives ou r\u00e9server une ou 2 places pour assister \u00e0 un \u00e9v\u00e8nement via Culture du C\u0153ur, contacte ton conseiller \u00e0 la mission locale\u00a0! (Possibilit\u00e9 d\u2019\u00eatre accompagn\u00e9 par une personne non suivi par la mission locale sur les \u00e9v\u00e8nements Culture du C\u0153ur)<\/p>\n<\/div>\n\n\n\n<div class=\"wp-block-column is-layout-flow wp-block-column-is-layout-flow\" style=\"flex-basis:33.33%\">\n<figure class=\"wp-block-image size-full\"><img loading=\"lazy\" decoding=\"async\" width=\"377\" height=\"330\" src=\"https:\/\/missionlocale-innovam.fr\/wp-content\/uploads\/2024\/08\/logo-cultures-du-coeur-1-2.png\" alt=\"\" class=\"wp-image-9426\" srcset=\"https:\/\/missionlocale-innovam.fr\/wp-content\/uploads\/2024\/08\/logo-cultures-du-coeur-1-2.png 377w, https:\/\/missionlocale-innovam.fr\/wp-content\/uploads\/2024\/08\/logo-cultures-du-coeur-1-2-300x263.png 300w\" sizes=\"auto, (max-width: 377px) 100vw, 377px\" \/><\/figure>\n<\/div>\n<\/div>\n\n\n\n<p><\/p>\n","protected":false},"excerpt":{"rendered":"<p>Depuis 2023, la Mission Locale a d\u00e9velopp\u00e9 l\u2019acc\u00e8s \u00e0 la culture aupr\u00e8s des jeunes accompagn\u00e9s.La culture \u00e9tant un moyen de se socialiser, de se d\u00e9tendre et d\u2019oublier temporairement les difficult\u00e9s sociales, la Mission Locale a pour mission de faire d\u00e9couvrir aux jeunes des lieux culturels en Ile-de-France. En collectif &nbsp;: [&hellip;]<\/p>\n","protected":false},"author":1,"featured_media":0,"parent":0,"menu_order":0,"comment_status":"closed","ping_status":"closed","template":"page-with-sidebar","meta":{"_themeisle_gutenberg_block_has_review":false,"footnotes":""},"class_list":["post-9425","page","type-page","status-publish","hentry"],"_links":{"self":[{"href":"https:\/\/missionlocale-innovam.fr\/index.php\/wp-json\/wp\/v2\/pages\/9425","targetHints":{"allow":["GET"]}}],"collection":[{"href":"https:\/\/missionlocale-innovam.fr\/index.php\/wp-json\/wp\/v2\/pages"}],"about":[{"href":"https:\/\/missionlocale-innovam.fr\/index.php\/wp-json\/wp\/v2\/types\/page"}],"author":[{"embeddable":true,"href":"https:\/\/missionlocale-innovam.fr\/index.php\/wp-json\/wp\/v2\/users\/1"}],"replies":[{"embeddable":true,"href":"https:\/\/missionlocale-innovam.fr\/index.php\/wp-json\/wp\/v2\/comments?post=9425"}],"version-history":[{"count":20,"href":"https:\/\/missionlocale-innovam.fr\/index.php\/wp-json\/wp\/v2\/pages\/9425\/revisions"}],"predecessor-version":[{"id":10108,"href":"https:\/\/missionlocale-innovam.fr\/index.php\/wp-json\/wp\/v2\/pages\/9425\/revisions\/10108"}],"wp:attachment":[{"href":"https:\/\/missionlocale-innovam.fr\/index.php\/wp-json\/wp\/v2\/media?parent=9425"}],"curies":[{"name":"wp","href":"https:\/\/api.w.org\/{rel}","templated":true}]}}