{"id":9682,"date":"2025-02-24T10:57:03","date_gmt":"2025-02-24T09:57:03","guid":{"rendered":"https:\/\/missionlocale-innovam.fr\/?page_id=9682"},"modified":"2025-02-24T10:57:03","modified_gmt":"2025-02-24T09:57:03","slug":"le-parcours-dappui-et-dorientation-pao","status":"publish","type":"page","link":"https:\/\/missionlocale-innovam.fr\/index.php\/le-parcours-dappui-et-dorientation-pao\/","title":{"rendered":"Le Parcours d&rsquo;Appui et d&rsquo;Orientation (PAO)"},"content":{"rendered":"\n<p><strong>Le Parcours d&rsquo;Appui et d&rsquo;Orientation est un nouveau dispositif propos\u00e9 par les Missions Locales pour les jeunes de 16 \u00e0 25 ans.<\/strong><\/p>\n\n\n\n<p>Il permet d&rsquo;accompagner les jeunes qui ne sont pas encore pr\u00eats \u00e0 l&#8217;emploi ou ceux dont la situation administrative ne leur permet pas l&rsquo;inscription \u00e0 France Travail.<\/p>\n\n\n\n<figure class=\"wp-block-image size-large\"><img loading=\"lazy\" decoding=\"async\" width=\"724\" height=\"1024\" src=\"https:\/\/missionlocale-innovam.fr\/wp-content\/uploads\/2025\/02\/Flyers20253-724x1024.jpg\" alt=\"\" class=\"wp-image-9694\" srcset=\"https:\/\/missionlocale-innovam.fr\/wp-content\/uploads\/2025\/02\/Flyers20253-724x1024.jpg 724w, https:\/\/missionlocale-innovam.fr\/wp-content\/uploads\/2025\/02\/Flyers20253-212x300.jpg 212w, https:\/\/missionlocale-innovam.fr\/wp-content\/uploads\/2025\/02\/Flyers20253-768x1086.jpg 768w, https:\/\/missionlocale-innovam.fr\/wp-content\/uploads\/2025\/02\/Flyers20253-1086x1536.jpg 1086w, https:\/\/missionlocale-innovam.fr\/wp-content\/uploads\/2025\/02\/Flyers20253-1448x2048.jpg 1448w, https:\/\/missionlocale-innovam.fr\/wp-content\/uploads\/2025\/02\/Flyers20253-scaled.jpg 1811w\" sizes=\"auto, (max-width: 724px) 100vw, 724px\" \/><\/figure>\n\n\n\n<p><\/p>\n","protected":false},"excerpt":{"rendered":"<p>Le Parcours d&rsquo;Appui et d&rsquo;Orientation est un nouveau dispositif propos\u00e9 par les Missions Locales pour les jeunes de 16 \u00e0 25 ans. Il permet d&rsquo;accompagner les jeunes qui ne sont pas encore pr\u00eats \u00e0 l&#8217;emploi ou ceux dont la situation administrative ne leur permet pas l&rsquo;inscription \u00e0 France Travail.<\/p>\n","protected":false},"author":1,"featured_media":0,"parent":0,"menu_order":0,"comment_status":"closed","ping_status":"closed","template":"page-with-sidebar","meta":{"_themeisle_gutenberg_block_has_review":false,"footnotes":""},"class_list":["post-9682","page","type-page","status-publish","hentry"],"_links":{"self":[{"href":"https:\/\/missionlocale-innovam.fr\/index.php\/wp-json\/wp\/v2\/pages\/9682","targetHints":{"allow":["GET"]}}],"collection":[{"href":"https:\/\/missionlocale-innovam.fr\/index.php\/wp-json\/wp\/v2\/pages"}],"about":[{"href":"https:\/\/missionlocale-innovam.fr\/index.php\/wp-json\/wp\/v2\/types\/page"}],"author":[{"embeddable":true,"href":"https:\/\/missionlocale-innovam.fr\/index.php\/wp-json\/wp\/v2\/users\/1"}],"replies":[{"embeddable":true,"href":"https:\/\/missionlocale-innovam.fr\/index.php\/wp-json\/wp\/v2\/comments?post=9682"}],"version-history":[{"count":2,"href":"https:\/\/missionlocale-innovam.fr\/index.php\/wp-json\/wp\/v2\/pages\/9682\/revisions"}],"predecessor-version":[{"id":9695,"href":"https:\/\/missionlocale-innovam.fr\/index.php\/wp-json\/wp\/v2\/pages\/9682\/revisions\/9695"}],"wp:attachment":[{"href":"https:\/\/missionlocale-innovam.fr\/index.php\/wp-json\/wp\/v2\/media?parent=9682"}],"curies":[{"name":"wp","href":"https:\/\/api.w.org\/{rel}","templated":true}]}}