{"id":9684,"date":"2025-02-24T10:46:40","date_gmt":"2025-02-24T09:46:40","guid":{"rendered":"https:\/\/missionlocale-innovam.fr\/?page_id=9684"},"modified":"2025-02-24T10:51:04","modified_gmt":"2025-02-24T09:51:04","slug":"le-pacea","status":"publish","type":"page","link":"https:\/\/missionlocale-innovam.fr\/index.php\/le-pacea\/","title":{"rendered":"Le PACEA"},"content":{"rendered":"\n<p class=\"has-primary-color has-text-color has-link-color wp-elements-7f8b91c02b109a5649ac2ec776e3e63b\"><strong>Le PACEA c&rsquo;est quoi ?<\/strong><\/p>\n\n\n\n<p><strong>Le Parcours Contractualis\u00e9 d\u2019Accompagnement vers l\u2019Emploi et l\u2019Autonomie (PACEA) est un contrat d\u2019engagement, pour les jeunes de 16 \u00e0 25 ans conclu entre vous et la Mission Locale pour une dur\u00e9e maximale de 24 mois.<\/strong><\/p>\n\n\n\n<p>Le PACEA est constitu\u00e9 de phases d\u2019accompagnement successives qui peuvent s\u2019encha\u00eener pour une dur\u00e9e maximale de 24 mois cons\u00e9cutifs.<\/p>\n\n\n\n<p>\u00c0 l\u2019entr\u00e9e dans le PACEA, le conseiller d\u00e9termine, au moyen des conclusions du diagnostic global, la dur\u00e9e de la ou des premi\u00e8res phases d\u2019accompagnement. Ces phases sont adapt\u00e9es aux projets et aux attentes du jeune.<\/p>\n\n\n\n<p>Les objectifs et le contenu de chaque phase sont d\u00e9finis avec le jeune et ils font l\u2019objet d\u2019une \u00e9valuation \u00e0 leur terme, afin de mesurer avec lui sa progression vers l\u2019emploi et l\u2019autonomie.<\/p>\n\n\n\n<p class=\"has-primary-color has-text-color has-link-color wp-elements-0bf9b143e417054f0e2ef2495dc6e8c9\"><strong>Chaque phase d&rsquo;accompagnement peut comporter :<\/strong><\/p>\n\n\n\n<p>&#8211; Des p\u00e9riodes de formation ;<br>&#8211; Des mises en situations professionnelles ;<br>&#8211; Un appui \u00e0 des phases de recherche active d\u2019emploi ou \u00e0 des d\u00e9marches d\u2019acc\u00e8s aux droits ou de lev\u00e9es des freins p\u00e9riph\u00e9riques \u00e0 l\u2019emploi ;<br>&#8211; Des actions sp\u00e9cifiques dans le cadre de l&rsquo;accompagnement social et professionnel ;<br>&#8211; Des actions port\u00e9es par d&rsquo;autres organismes susceptibles de contribuer \u00e0 l&rsquo;accompagnement.<\/p>\n\n\n\n<p><br>Le conseiller peut mobiliser l\u2019ensemble de l\u2019offre de services de la mission locale dans le cadre du PACEA comme par exemple l&rsquo;accompagnement \u00e0 la cr\u00e9ation d\u2019activit\u00e9, le parrainage, une mission de service civique ainsi que les outils de la formation professionnelle et de l&rsquo;alternance.<\/p>\n\n\n\n<p>Pour en savoir plus : <a href=\"https:\/\/missionlocale-innovam.fr\" >https:\/\/travail-emploi.gouv.fr\/emploi\/mesures-jeunes\/pacea<\/a><\/p>\n\n\n\n<figure class=\"wp-block-image size-large\"><img loading=\"lazy\" decoding=\"async\" width=\"724\" height=\"1024\" src=\"https:\/\/missionlocale-innovam.fr\/wp-content\/uploads\/2025\/02\/Flyers20252-724x1024.jpg\" alt=\"\" class=\"wp-image-9688\" srcset=\"https:\/\/missionlocale-innovam.fr\/wp-content\/uploads\/2025\/02\/Flyers20252-724x1024.jpg 724w, https:\/\/missionlocale-innovam.fr\/wp-content\/uploads\/2025\/02\/Flyers20252-212x300.jpg 212w, https:\/\/missionlocale-innovam.fr\/wp-content\/uploads\/2025\/02\/Flyers20252-768x1086.jpg 768w, https:\/\/missionlocale-innovam.fr\/wp-content\/uploads\/2025\/02\/Flyers20252-1086x1536.jpg 1086w, https:\/\/missionlocale-innovam.fr\/wp-content\/uploads\/2025\/02\/Flyers20252-1448x2048.jpg 1448w, https:\/\/missionlocale-innovam.fr\/wp-content\/uploads\/2025\/02\/Flyers20252-scaled.jpg 1811w\" sizes=\"auto, (max-width: 724px) 100vw, 724px\" \/><\/figure>\n","protected":false},"excerpt":{"rendered":"<p>Le PACEA c&rsquo;est quoi ? Le Parcours Contractualis\u00e9 d\u2019Accompagnement vers l\u2019Emploi et l\u2019Autonomie (PACEA) est un contrat d\u2019engagement, pour les jeunes de 16 \u00e0 25 ans conclu entre vous et la Mission Locale pour une dur\u00e9e maximale de 24 mois. Le PACEA est constitu\u00e9 de phases d\u2019accompagnement successives qui peuvent [&hellip;]<\/p>\n","protected":false},"author":1,"featured_media":0,"parent":0,"menu_order":0,"comment_status":"closed","ping_status":"closed","template":"page-with-sidebar","meta":{"_themeisle_gutenberg_block_has_review":false,"footnotes":""},"class_list":["post-9684","page","type-page","status-publish","hentry"],"_links":{"self":[{"href":"https:\/\/missionlocale-innovam.fr\/index.php\/wp-json\/wp\/v2\/pages\/9684","targetHints":{"allow":["GET"]}}],"collection":[{"href":"https:\/\/missionlocale-innovam.fr\/index.php\/wp-json\/wp\/v2\/pages"}],"about":[{"href":"https:\/\/missionlocale-innovam.fr\/index.php\/wp-json\/wp\/v2\/types\/page"}],"author":[{"embeddable":true,"href":"https:\/\/missionlocale-innovam.fr\/index.php\/wp-json\/wp\/v2\/users\/1"}],"replies":[{"embeddable":true,"href":"https:\/\/missionlocale-innovam.fr\/index.php\/wp-json\/wp\/v2\/comments?post=9684"}],"version-history":[{"count":3,"href":"https:\/\/missionlocale-innovam.fr\/index.php\/wp-json\/wp\/v2\/pages\/9684\/revisions"}],"predecessor-version":[{"id":9693,"href":"https:\/\/missionlocale-innovam.fr\/index.php\/wp-json\/wp\/v2\/pages\/9684\/revisions\/9693"}],"wp:attachment":[{"href":"https:\/\/missionlocale-innovam.fr\/index.php\/wp-json\/wp\/v2\/media?parent=9684"}],"curies":[{"name":"wp","href":"https:\/\/api.w.org\/{rel}","templated":true}]}}